{"id":1922,"date":"2026-05-06T18:09:50","date_gmt":"2026-05-06T15:09:50","guid":{"rendered":"https:\/\/lovelas.md\/?post_type=product&#038;p=1922"},"modified":"2026-05-06T18:10:33","modified_gmt":"2026-05-06T15:10:33","slug":"viasil-50mg","status":"publish","type":"product","link":"https:\/\/lovelas.md\/ro\/produs\/viasil-50mg\/","title":{"rendered":"VIASIL 50mg"},"content":{"rendered":"<h3 data-section-id=\"1rlaes4\" data-start=\"69\" data-end=\"121\"><span role=\"text\"><strong data-start=\"73\" data-end=\"121\">1. Ce este Viasil \u015fi pentru ce se utilizeaz\u0103<\/strong><\/span><\/h3>\n<p data-start=\"123\" data-end=\"297\">Viasil con\u0163ine substan\u0163a activ\u0103 sildenafil (sub form\u0103 de citrat de sildenafil), ce apar\u0163ine grupului de medicamente denumite inhibitori ai fosfodiesterazei de tip 5 (PDE5).<\/p>\n<p data-start=\"299\" data-end=\"451\">Acesta ac\u0163ioneaz\u0103 prin relaxarea vaselor de s\u00e2nge de la nivelul penisului, favoriz\u00e2nd circula\u0163ia s\u00e2ngelui \u00een penis atunci c\u00e2nd sunte\u0163i excitat sexual.<\/p>\n<p data-start=\"453\" data-end=\"536\">Acest medicament v\u0103 ajut\u0103 s\u0103 ob\u0163ine\u0163i o erec\u0163ie numai dac\u0103 sunte\u0163i stimulat sexual.<\/p>\n<p data-start=\"538\" data-end=\"650\">Viasil este destinat b\u0103rba\u0163ilor adul\u0163i cu disfunc\u0163ie erectil\u0103, cunoscut\u0103 uneori \u015fi sub denumirea de impoten\u0163\u0103.<\/p>\n<p data-start=\"652\" data-end=\"778\">Aceast\u0103 afec\u0163iune const\u0103 \u00een lipsa sau \u00een imposibilitatea men\u0163inerii erec\u0163iei penisului \u00een vederea desf\u0103\u015fur\u0103rii actului sexual.<\/p>\n<hr data-start=\"780\" data-end=\"783\" \/>\n<h3 data-section-id=\"1c5zp7l\" data-start=\"785\" data-end=\"839\"><span role=\"text\"><strong data-start=\"789\" data-end=\"839\">2. Ce trebuie s\u0103 \u015fti\u0163i \u00eenainte s\u0103 lua\u0163i Viasil<\/strong><\/span><\/h3>\n<h4 data-start=\"841\" data-end=\"866\"><span role=\"text\"><strong data-start=\"846\" data-end=\"866\">Nu lua\u0163i Viasil:<\/strong><\/span><\/h4>\n<ul data-start=\"868\" data-end=\"1626\">\n<li data-section-id=\"1yr1q5s\" data-start=\"868\" data-end=\"998\">dac\u0103 sunte\u0163i alergic la sildenafil sau la oricare dintre celelalte componente ale acestui medicament (enumerate la punctul 6);<\/li>\n<li data-section-id=\"7w2859\" data-start=\"999\" data-end=\"1131\">dac\u0103 utiliza\u0163i medicamente denumite nitra\u0163i deoarece aceast\u0103 asociere poate duce la o sc\u0103dere periculoas\u0103 a tensiunii arteriale;<\/li>\n<li data-section-id=\"1u8h5e\" data-start=\"1132\" data-end=\"1253\">dac\u0103 utiliza\u0163i oricare dintre medicamentele cunoscute sub numele de donori de oxid nitric, cum este nitritul de amil;<\/li>\n<li data-section-id=\"128r32y\" data-start=\"1254\" data-end=\"1310\">dac\u0103 ave\u0163i o afec\u0163iune cardiac\u0103 sau hepatic\u0103 sever\u0103;<\/li>\n<li data-section-id=\"yc7ptr\" data-start=\"1311\" data-end=\"1422\">dac\u0103 a\u0163i avut recent un accident vascular cerebral sau infarct miocardic, sau ave\u0163i hipotensiune arterial\u0103;<\/li>\n<li data-section-id=\"1rfm759\" data-start=\"1423\" data-end=\"1507\">dac\u0103 ave\u0163i din na\u015ftere anumite boli rare de ochi (cum este retinita pigmentar\u0103);<\/li>\n<li data-section-id=\"8fj1ta\" data-start=\"1508\" data-end=\"1626\">dac\u0103 a\u0163i avut vreodat\u0103 pierderea vederii datorit\u0103 neuropatiei optice anterioare ischemice, non-arteritice (NOAIN).<\/li>\n<\/ul>\n<p data-start=\"1628\" data-end=\"1718\">Nu lua\u0163i acest medicament dac\u0103 v\u0103 afla\u0163i \u00een oricare dintre situa\u0163iile enumerate mai sus.<\/p>\n<p data-start=\"1720\" data-end=\"1821\">Dac\u0103 nu sunte\u0163i sigur, discuta\u0163i cu medicul dumneavoastr\u0103 sau cu farmacistul \u00eenainte s\u0103 lua\u0163i Viasil.<\/p>\n<hr data-start=\"1823\" data-end=\"1826\" \/>\n<h3 data-section-id=\"svfdm6\" data-start=\"1828\" data-end=\"1860\"><span role=\"text\"><strong data-start=\"1832\" data-end=\"1860\">Aten\u0163ion\u0103ri \u015fi precau\u0163ii<\/strong><\/span><\/h3>\n<p data-start=\"1862\" data-end=\"1955\">\u00cenainte s\u0103 utiliza\u0163i acest medicament, adresa\u0163i-v\u0103 medicului dumneavoastr\u0103 sau farmacistului:<\/p>\n<ul data-start=\"1957\" data-end=\"2197\">\n<li data-section-id=\"16h44hs\" data-start=\"1957\" data-end=\"2011\">dac\u0103 ave\u0163i siclemie, leucemie sau mielom multiplu;<\/li>\n<li data-section-id=\"xbn0wg\" data-start=\"2012\" data-end=\"2070\">dac\u0103 ave\u0163i o deformare a penisului sau boala Peyronie;<\/li>\n<li data-section-id=\"ujz1j\" data-start=\"2071\" data-end=\"2100\">dac\u0103 ave\u0163i boli de inim\u0103;<\/li>\n<li data-section-id=\"1blpaws\" data-start=\"2101\" data-end=\"2163\">dac\u0103 ave\u0163i ulcer gastric activ sau tulbur\u0103ri de s\u00e2ngerare;<\/li>\n<li data-section-id=\"1wlsifv\" data-start=\"2164\" data-end=\"2197\">dac\u0103 ave\u0163i boli rare de ochi.<\/li>\n<\/ul>\n<p data-start=\"2199\" data-end=\"2321\">Dac\u0103 ave\u0163i un episod brusc de sc\u0103dere sau pierdere a vederii, nu mai lua\u0163i acest medicament \u015fi contacta\u0163i imediat medicul.<\/p>\n<p data-start=\"2323\" data-end=\"2423\">Nu trebuie s\u0103 utiliza\u0163i acest medicament \u00eempreun\u0103 cu orice alt tratament pentru disfunc\u0163ia erectil\u0103.<\/p>\n<p data-start=\"2425\" data-end=\"2571\">Nu trebuie s\u0103 utiliza\u0163i Viasil \u00eempreun\u0103 cu tratamente pentru hipertensiune arterial\u0103 pulmonar\u0103 care con\u0163in sildenafil sau al\u0163i inhibitori de PDE5.<\/p>\n<p data-start=\"2573\" data-end=\"2647\">Nu trebuie s\u0103 utiliza\u0163i Viasil dac\u0103 nu \u015fti\u0163i c\u0103 ave\u0163i disfunc\u0163ie erectil\u0103.<\/p>\n<p data-start=\"2649\" data-end=\"2700\">Nu trebuie s\u0103 utiliza\u0163i Viasil dac\u0103 sunte\u0163i femeie.<\/p>\n<hr data-start=\"2702\" data-end=\"2705\" \/>\n<h3 data-section-id=\"1gcw6jd\" data-start=\"2707\" data-end=\"2793\"><span role=\"text\"><strong data-start=\"2711\" data-end=\"2793\">Informa\u0163ii speciale pentru pacien\u0163ii cu afec\u0163iuni ale rinichilor sau ficatului<\/strong><\/span><\/h3>\n<p data-start=\"2795\" data-end=\"2885\">Trebuie s\u0103 v\u0103 informa\u0163i medicul dac\u0103 suferi\u0163i de afec\u0163iuni ale rinichilor sau ficatului.<\/p>\n<p data-start=\"2887\" data-end=\"2942\">Medicul dumneavoastr\u0103 v\u0103 poate stabili o doz\u0103 mai mic\u0103.<\/p>\n<hr data-start=\"2944\" data-end=\"2947\" \/>\n<h3 data-section-id=\"1bo9lge\" data-start=\"2949\" data-end=\"2977\"><span role=\"text\"><strong data-start=\"2953\" data-end=\"2977\">Copii \u015fi adolescen\u0163i<\/strong><\/span><\/h3>\n<p data-start=\"2979\" data-end=\"3042\">Viasil nu trebuie administrat persoanelor cu v\u00e2rsta sub 18 ani.<\/p>\n<hr data-start=\"3044\" data-end=\"3047\" \/>\n<h3 data-section-id=\"17yas7c\" data-start=\"3049\" data-end=\"3092\"><span role=\"text\"><strong data-start=\"3053\" data-end=\"3092\">Viasil \u00eempreun\u0103 cu alte medicamente<\/strong><\/span><\/h3>\n<p data-start=\"3094\" data-end=\"3198\">Spune\u0163i medicului dumneavoastr\u0103 sau farmacistului dac\u0103 lua\u0163i sau a\u0163i luat recent orice alte medicamente.<\/p>\n<p data-start=\"3200\" data-end=\"3272\">Viasil poate afecta modul \u00een care ac\u0163ioneaz\u0103 alte medicamente \u015fi invers.<\/p>\n<p data-start=\"3274\" data-end=\"3347\">Nu utiliza\u0163i alte medicamente \u00een acela\u015fi timp f\u0103r\u0103 permisiunea medicului.<\/p>\n<p data-start=\"3349\" data-end=\"3432\">Nu trebuie s\u0103 lua\u0163i acest medicament \u00eempreun\u0103 cu nitra\u0163i sau donori de oxid nitric.<\/p>\n<p data-start=\"3434\" data-end=\"3519\">Dac\u0103 utiliza\u0163i inhibitori de proteaz\u0103 (HIV), medicul poate recomanda o doz\u0103 de 25 mg.<\/p>\n<p data-start=\"3521\" data-end=\"3645\">Pacien\u0163ii care utilizeaz\u0103 alfa-blocante pot prezenta ame\u0163eli sau sc\u0103deri ale tensiunii arteriale, mai ales \u00een primele 4 ore.<\/p>\n<hr data-start=\"3647\" data-end=\"3650\" \/>\n<h3 data-section-id=\"1yxbhy9\" data-start=\"3652\" data-end=\"3706\"><span role=\"text\"><strong data-start=\"3656\" data-end=\"3706\">Viasil \u00eempreun\u0103 cu alimente, b\u0103uturi \u015fi alcool<\/strong><\/span><\/h3>\n<p data-start=\"3708\" data-end=\"3769\">Acest medicament poate fi administrat cu sau f\u0103r\u0103 alimente.<\/p>\n<p data-start=\"3771\" data-end=\"3823\">Efectul poate ap\u0103rea mai lent dup\u0103 mese consistente.<\/p>\n<p data-start=\"3825\" data-end=\"3900\">Consumul de alcool poate afecta temporar capacitatea de a ob\u0163ine o erec\u0163ie.<\/p>\n<hr data-start=\"3902\" data-end=\"3905\" \/>\n<h3 data-section-id=\"hdtmzs\" data-start=\"3907\" data-end=\"3949\"><span role=\"text\"><strong data-start=\"3911\" data-end=\"3949\">Sarcina, al\u0103ptarea \u015fi fertilitatea<\/strong><\/span><\/h3>\n<p data-start=\"3951\" data-end=\"4011\">Acest medicament nu este destinat utiliz\u0103rii de c\u0103tre femei.<\/p>\n<hr data-start=\"4013\" data-end=\"4016\" \/>\n<h3 data-section-id=\"jepywi\" data-start=\"4018\" data-end=\"4072\"><span role=\"text\"><strong data-start=\"4022\" data-end=\"4072\">Conducerea vehiculelor \u015fi folosirea utilajelor<\/strong><\/span><\/h3>\n<p data-start=\"4074\" data-end=\"4129\">Viasil poate produce ame\u0163eli sau tulbur\u0103ri de vedere.<\/p>\n<p data-start=\"4131\" data-end=\"4183\">Fi\u0163i aten\u0163i \u00eenainte de a conduce sau folosi utilaje.<\/p>\n<hr data-start=\"4185\" data-end=\"4188\" \/>\n<h3 data-section-id=\"1no18ry\" data-start=\"4190\" data-end=\"4239\"><span role=\"text\"><strong data-start=\"4194\" data-end=\"4239\">Informa\u021bii importante privind excipien\u021bii<\/strong><\/span><\/h3>\n<p data-start=\"4241\" data-end=\"4310\">Viasil con\u0163ine lactoz\u0103 \u2013 consulta\u0163i medicul dac\u0103 ave\u0163i intoleran\u0163\u0103.<\/p>\n<p data-start=\"4312\" data-end=\"4373\">Con\u0163ine colorantul E110, care poate provoca reac\u0163ii alergice.<\/p>\n<hr data-start=\"4375\" data-end=\"4378\" \/>\n<h3 data-section-id=\"1ihq8zu\" data-start=\"4380\" data-end=\"4410\"><span role=\"text\"><strong data-start=\"4384\" data-end=\"4410\">3. Cum s\u0103 lua\u0163i Viasil<\/strong><\/span><\/h3>\n<p data-start=\"4412\" data-end=\"4496\">Lua\u0163i \u00eentotdeauna acest medicament conform indica\u0163iilor medicului sau farmacistului.<\/p>\n<p data-start=\"4498\" data-end=\"4538\">Doza recomandat\u0103 de start este de 50 mg.<\/p>\n<p data-start=\"4540\" data-end=\"4590\">Nu trebuie s\u0103 utiliza\u0163i Viasil mai mult de o dat\u0103\u2026<\/p>\n","protected":false},"excerpt":{"rendered":"<p data-start=\"35\" data-end=\"280\">Viasil con\u021bine sildenafil, o substan\u021b\u0103 din clasa inhibitorilor PDE5, utilizat\u0103 la b\u0103rba\u021bii adul\u021bi pentru tratarea disfunc\u021biei erectile. Ac\u021bioneaz\u0103 prin relaxarea vaselor de s\u00e2nge din penis, facilit\u00e2nd erec\u021bia doar \u00een prezen\u021ba stimul\u0103rii sexuale.<\/p>\n<p data-start=\"282\" data-end=\"559\">Medicamentul este contraindicat persoanelor care iau nitra\u021bi sau donori de oxid nitric, celor cu boli cardiace sau hepatice severe, dup\u0103 infarct sau accident vascular cerebral recent, precum \u0219i \u00een anumite afec\u021biuni oculare. Nu este destinat femeilor sau persoanelor sub 18 ani.<\/p>\n<p data-start=\"561\" data-end=\"793\">Poate interac\u021biona cu alte medicamente (\u00een special pentru inim\u0103, HIV sau tensiune arterial\u0103), iar consumul de alcool sau mese grele poate reduce eficien\u021ba. Doza ini\u021bial\u0103 recomandat\u0103 este de 50 mg, administrat\u0103 cel mult o dat\u0103 pe zi.<\/p>\n","protected":false},"featured_media":1923,"template":"","meta":{"_gspb_post_css":""},"product_brand":[],"product_cat":[66],"product_tag":[],"class_list":{"0":"post-1922","1":"product","2":"type-product","3":"status-publish","4":"has-post-thumbnail","6":"product_cat-viagra","8":"first","9":"outofstock","10":"shipping-taxable","11":"purchasable","12":"product-type-simple"},"ct_brands":[],"_links":{"self":[{"href":"https:\/\/lovelas.md\/ro\/wp-json\/wp\/v2\/product\/1922","targetHints":{"allow":["GET"]}}],"collection":[{"href":"https:\/\/lovelas.md\/ro\/wp-json\/wp\/v2\/product"}],"about":[{"href":"https:\/\/lovelas.md\/ro\/wp-json\/wp\/v2\/types\/product"}],"wp:featuredmedia":[{"embeddable":true,"href":"https:\/\/lovelas.md\/ro\/wp-json\/wp\/v2\/media\/1923"}],"wp:attachment":[{"href":"https:\/\/lovelas.md\/ro\/wp-json\/wp\/v2\/media?parent=1922"}],"wp:term":[{"taxonomy":"product_brand","embeddable":true,"href":"https:\/\/lovelas.md\/ro\/wp-json\/wp\/v2\/product_brand?post=1922"},{"taxonomy":"product_cat","embeddable":true,"href":"https:\/\/lovelas.md\/ro\/wp-json\/wp\/v2\/product_cat?post=1922"},{"taxonomy":"product_tag","embeddable":true,"href":"https:\/\/lovelas.md\/ro\/wp-json\/wp\/v2\/product_tag?post=1922"}],"curies":[{"name":"wp","href":"https:\/\/api.w.org\/{rel}","templated":true}]}}