{"id":1921,"date":"2026-05-06T17:57:43","date_gmt":"2026-05-06T14:57:43","guid":{"rendered":"https:\/\/lovelas.md\/?post_type=product&#038;p=1921"},"modified":"2026-05-06T18:03:38","modified_gmt":"2026-05-06T15:03:38","slug":"esculap-5mg","status":"publish","type":"product","link":"https:\/\/lovelas.md\/ro\/produs\/esculap-5mg\/","title":{"rendered":"ESCULAP 5mg"},"content":{"rendered":"<p><strong>Tadalafilul<\/strong> este un inhibitor selectiv, reversibil, al fosfodiesterazei tip 5 (PDE5), cu specificitate pentru guanozin monofosfatul ciclic (GMPc). Atunci c\u00e2nd stimularea sexual\u0103 determin\u0103 eliberarea local\u0103 de oxid nitric, inhibarea PDE5 de c\u0103tre tadalafil produce cre\u015fterea valorilor GMPc \u00een corpii caverno\u015fi ai penisului. Ca urmare, apare relaxarea mu\u015fchilor netezi ai arterelor \u015fi afluxul de s\u00e2nge \u00een \u0163esuturile penisului, produc\u00e2nd astfel erec\u0163ia. Tadalafilul nu are efect \u00een absen\u0163a stimul\u0103rii sexuale.<\/p>\n<p><strong>Studiile in vitro<\/strong> au ar\u0103tat c\u0103 tadalafilul este un inhibitor selectiv al PDE5. PDE5 este o enzim\u0103 care se g\u0103se\u015fte \u00een mu\u015fchii netezi ai corpilor caverno\u015fi, \u00een mu\u015fchii netezi vasculari \u015fi viscerali, \u00een mu\u015fchii scheletici, trombocite, rinichi, pl\u0103m\u00e2n \u015fi cerebel. Efectul tadalafilului asupra PDE5 este mai puternic dec\u00e2t efectul asupra altor fosfodiesteraze.<\/p>\n<p><strong>Tadalafilul<\/strong> este de peste 10 000 ori mai selectiv pentru PDE5 dec\u00e2t pentru PDE1, PDE2 \u015fi PDE4, enzime care se g\u0103sesc \u00een cord, creier, vasele sanguine, ficat \u015fi alte organe. De asemenea, este de peste 10 000 ori mai selectiv pentru PDE5 dec\u00e2t pentru PDE3, enzim\u0103 implicat\u0103 \u00een contractilitatea cardiac\u0103. Aceast\u0103 selectivitate este important\u0103 pentru siguran\u0163a cardiovascular\u0103.<\/p>\n<p><strong>\u00cen plus, tadalafilul<\/strong> este de aproximativ 700 de ori mai selectiv pentru PDE5 dec\u00e2t pentru PDE6, enzim\u0103 prezent\u0103 \u00een retin\u0103 \u015fi responsabil\u0103 de fototransduc\u0163ie. Totodat\u0103, este de peste 10 000 de ori mai selectiv pentru PDE5 dec\u00e2t pentru PDE7 p\u00e2n\u0103 la PDE10.<\/p>\n<p><strong>Tadalafilul<\/strong> amelioreaz\u0103 func\u0163ia erectil\u0103 \u015fi capacitatea de a avea un act sexual reu\u015fit. Preparatul ac\u0163ioneaz\u0103 timp de p\u00e2n\u0103 la 36 de ore, iar efectul se poate manifesta deja dup\u0103 aproximativ 15 minute de la administrare, \u00een prezen\u0163a stimul\u0103rii sexuale.<\/p>\n<p><strong>La subiec\u0163i s\u0103n\u0103to\u015fi<\/strong>, tadalafilul nu produce diferen\u0163e semnificative comparativ cu placebo asupra tensiunii arteriale sistolice \u015fi diastolice, at\u00e2t \u00een pozi\u0163ie culcat\u0103 (sc\u0103dere medie de 1,6 mm Hg, respectiv 0,8 mm Hg), c\u00e2t \u015fi \u00een ortostatism (sc\u0103dere medie de 0,2 mm Hg, respectiv 4,6 mm Hg). De asemenea, nu influen\u0163eaz\u0103 semnificativ frecven\u0163a contrac\u0163iilor cardiace.<\/p>\n<p><strong>Tadalafilul<\/strong> nu afecteaz\u0103 perceperea culorilor (albastru\/verde), datorit\u0103 afinit\u0103\u0163ii sc\u0103zute pentru PDE6. Nu s-au observat efecte asupra acuit\u0103\u0163ii vizuale, electroretinogramei, tensiunii intraoculare sau dimensiunii pupilei.<\/p>\n<p>\u00cen studiile efectuate la b\u0103rba\u0163i cu administrare zilnic\u0103 de 10 mg, nu s-au \u00eenregistrat modific\u0103ri clinic semnificative ale num\u0103rului de spermatozoizi, concentra\u0163iei, motilit\u0103\u0163ii sau morfologiei acestora.<\/p>\n","protected":false},"excerpt":{"rendered":"<p data-start=\"0\" data-end=\"281\">Tadalafilul este un medicament utilizat pentru tratamentul disfunc\u021biei erectile, care cre\u0219te fluxul de s\u00e2nge c\u0103tre penis \u00een timpul stimul\u0103rii sexuale, ajut\u00e2nd la ob\u021binerea \u0219i men\u021binerea erec\u021biei. Ac\u021bioneaz\u0103 p\u00e2n\u0103 la 36 de ore \u0219i \u00eencepe s\u0103 \u00ee\u0219i fac\u0103 efectul \u00een aproximativ 15 minute.<\/p>\n<p data-start=\"283\" data-end=\"511\" data-is-last-node=\"\" data-is-only-node=\"\">Medicamentul ac\u021bioneaz\u0103 selectiv asupra enzimei PDE5, av\u00e2nd un impact minim asupra altor sisteme ale organismului, astfel \u00eenc\u00e2t, de obicei, nu influen\u021beaz\u0103 semnificativ tensiunea arterial\u0103, inima, vederea sau calitatea spermei.<\/p>\n","protected":false},"featured_media":1920,"template":"","meta":{"_gspb_post_css":""},"product_brand":[],"product_cat":[67],"product_tag":[],"class_list":{"0":"post-1921","1":"product","2":"type-product","3":"status-publish","4":"has-post-thumbnail","6":"product_cat-cialis","8":"first","9":"outofstock","10":"shipping-taxable","11":"purchasable","12":"product-type-simple"},"ct_brands":[],"_links":{"self":[{"href":"https:\/\/lovelas.md\/ro\/wp-json\/wp\/v2\/product\/1921","targetHints":{"allow":["GET"]}}],"collection":[{"href":"https:\/\/lovelas.md\/ro\/wp-json\/wp\/v2\/product"}],"about":[{"href":"https:\/\/lovelas.md\/ro\/wp-json\/wp\/v2\/types\/product"}],"wp:featuredmedia":[{"embeddable":true,"href":"https:\/\/lovelas.md\/ro\/wp-json\/wp\/v2\/media\/1920"}],"wp:attachment":[{"href":"https:\/\/lovelas.md\/ro\/wp-json\/wp\/v2\/media?parent=1921"}],"wp:term":[{"taxonomy":"product_brand","embeddable":true,"href":"https:\/\/lovelas.md\/ro\/wp-json\/wp\/v2\/product_brand?post=1921"},{"taxonomy":"product_cat","embeddable":true,"href":"https:\/\/lovelas.md\/ro\/wp-json\/wp\/v2\/product_cat?post=1921"},{"taxonomy":"product_tag","embeddable":true,"href":"https:\/\/lovelas.md\/ro\/wp-json\/wp\/v2\/product_tag?post=1921"}],"curies":[{"name":"wp","href":"https:\/\/api.w.org\/{rel}","templated":true}]}}