{"id":1705,"date":"2026-04-27T14:55:21","date_gmt":"2026-04-27T14:55:21","guid":{"rendered":"https:\/\/lovelas.md\/product\/femalegra-4-comprimate\/"},"modified":"2026-05-05T12:00:06","modified_gmt":"2026-05-05T09:00:06","slug":"femalegra-4-comprimate","status":"publish","type":"product","link":"https:\/\/lovelas.md\/ro\/produs\/femalegra-4-comprimate\/","title":{"rendered":"Femalegra \/ 4 Comprimate"},"content":{"rendered":"<p data-start=\"0\" data-end=\"276\"><strong data-start=\"0\" data-end=\"35\">Cum se administreaz\u0103 Femallegra<\/strong><br data-start=\"35\" data-end=\"38\" \/>Femalegra se administreaz\u0103 oral, nu mai mult de un comprimat pe zi. Se \u00eenghite cu ap\u0103 cu aproximativ o jum\u0103tate de or\u0103 \u00eenainte de contactul intim.<br data-start=\"184\" data-end=\"187\" \/>Efectul dureaz\u0103 \u00eentre \u0219apte \u0219i opt ore de la administrare.<br data-start=\"245\" data-end=\"248\" \/>Nu se combin\u0103 cu alcoolul.<\/p>\n<p data-start=\"278\" data-end=\"660\"><strong data-start=\"278\" data-end=\"297\">Contraindica\u021bii<\/strong><br data-start=\"297\" data-end=\"300\" \/>Administrarea genericelor Femalegra este contraindicat\u0103 persoanelor sub 18 ani \u0219i \u00een timpul sarcinii.<br data-start=\"401\" data-end=\"404\" \/>Este interzis\u0103 femeilor predispuse la infarct, dup\u0103 accident vascular cerebral sau infarct miocardic, \u00een caz de insuficien\u021b\u0103 renal\u0103 sau cardiovascular\u0103, ulcer gastric deschis, ciroz\u0103 hepatic\u0103, boli tumorale \u0219i alte afec\u021biuni grave ale tractului digestiv.<\/p>\n<p data-start=\"662\" data-end=\"812\">Dac\u0103 nu sunte\u021bi sigur\u0103 de starea dumneavoastr\u0103 de s\u0103n\u0103tate, \u00eenainte de a \u00eencepe administrarea comprimatelor este obligatoriu s\u0103 consulta\u021bi un medic.<\/p>\n<p data-start=\"814\" data-end=\"970\">Nu este recomandat\u0103 administrarea acestui medicament \u00eempreun\u0103 cu alcoolul, deoarece poate provoca reac\u021bii adverse precum dureri de cap \u0219i \u00eenro\u0219irea fe\u021bei.<\/p>\n<p data-start=\"972\" data-end=\"1302\" data-is-last-node=\"\" data-is-only-node=\"\"><strong data-start=\"972\" data-end=\"991\">Compatibilitate<\/strong><br data-start=\"991\" data-end=\"994\" \/>Comprimatele Femalegra nu sunt compatibile cu nitra\u021bii \u0219i medicamentele care con\u021bin substan\u021be psihotrope.<br data-start=\"1099\" data-end=\"1102\" \/>\u00cen ziua administr\u0103rii comprimatelor este interzis consumul oric\u0103ror analgezice, antidepresive, somnifere \u0219i antibiotice.<br data-start=\"1222\" data-end=\"1225\" \/>\u00cen primele 3 ore dup\u0103 administrare este interzis\u0103 conducerea autovehiculelor.<\/p>\n","protected":false},"excerpt":{"rendered":"<p>Sildenafil pentru femei FEMALEGRA \u2013 un preparat dezvoltat special pentru femei.<br \/>\nSe utilizeaz\u0103 de obicei de c\u0103tre femei, din cauza insatisfac\u021biei sexuale sau \u00een perioada menopauzei.<\/p>\n","protected":false},"featured_media":1888,"template":"","meta":{"_gspb_post_css":""},"product_brand":[],"product_cat":[70],"product_tag":[],"class_list":{"0":"post-1705","1":"product","2":"type-product","3":"status-publish","4":"has-post-thumbnail","6":"product_cat-pentru-femei","8":"first","9":"instock","10":"shipping-taxable","11":"purchasable","12":"product-type-simple"},"ct_brands":[],"_links":{"self":[{"href":"https:\/\/lovelas.md\/ro\/wp-json\/wp\/v2\/product\/1705","targetHints":{"allow":["GET"]}}],"collection":[{"href":"https:\/\/lovelas.md\/ro\/wp-json\/wp\/v2\/product"}],"about":[{"href":"https:\/\/lovelas.md\/ro\/wp-json\/wp\/v2\/types\/product"}],"wp:featuredmedia":[{"embeddable":true,"href":"https:\/\/lovelas.md\/ro\/wp-json\/wp\/v2\/media\/1888"}],"wp:attachment":[{"href":"https:\/\/lovelas.md\/ro\/wp-json\/wp\/v2\/media?parent=1705"}],"wp:term":[{"taxonomy":"product_brand","embeddable":true,"href":"https:\/\/lovelas.md\/ro\/wp-json\/wp\/v2\/product_brand?post=1705"},{"taxonomy":"product_cat","embeddable":true,"href":"https:\/\/lovelas.md\/ro\/wp-json\/wp\/v2\/product_cat?post=1705"},{"taxonomy":"product_tag","embeddable":true,"href":"https:\/\/lovelas.md\/ro\/wp-json\/wp\/v2\/product_tag?post=1705"}],"curies":[{"name":"wp","href":"https:\/\/api.w.org\/{rel}","templated":true}]}}