{"id":1678,"date":"2026-04-27T14:53:52","date_gmt":"2026-04-27T14:53:52","guid":{"rendered":"https:\/\/lovelas.md\/product\/viagra-cenforce-fm-10-tab\/"},"modified":"2026-05-05T12:30:21","modified_gmt":"2026-05-05T09:30:21","slug":"viagra-cenforce-fm-10-tab","status":"publish","type":"product","link":"https:\/\/lovelas.md\/ro\/produs\/viagra-cenforce-fm-10-tab\/","title":{"rendered":"Viagra Cenforce FM \/ 10 Tab"},"content":{"rendered":"<p data-start=\"0\" data-end=\"49\"><strong data-start=\"0\" data-end=\"49\">Cum se administreaz\u0103 medicamentul Cenforce FM<\/strong><\/p>\n<p data-start=\"51\" data-end=\"287\">Comprimatele Cenforce FM se administreaz\u0103 oral, nu mai mult de un comprimat pe zi. Se \u00eenghit cu ap\u0103 cu aproximativ jum\u0103tate de or\u0103 \u00eenainte de contactul intim.<br data-start=\"209\" data-end=\"212\" \/>Ac\u021bioneaz\u0103 timp de 7\u20138 ore de la administrare.<br data-start=\"258\" data-end=\"261\" \/>Nu se combin\u0103 cu alcoolul.<\/p>\n<p data-start=\"289\" data-end=\"336\"><strong data-start=\"289\" data-end=\"336\">Cine nu ar trebui s\u0103 utilizeze medicamentul<\/strong><\/p>\n<p data-start=\"338\" data-end=\"670\">Administrarea Cenforce FM este contraindicat\u0103 persoanelor sub 18 ani \u0219i \u00een timpul sarcinii.<br data-start=\"429\" data-end=\"432\" \/>Femeilor predispuse la atacuri de cord, dup\u0103 accident vascular cerebral sau infarct, \u00een caz de insuficien\u021b\u0103 renal\u0103 \u0219i cardiovascular\u0103, ulcer gastric deschis, ciroz\u0103 hepatic\u0103, boli tumorale \u0219i alte afec\u021biuni grave ale tractului digestiv.<\/p>\n<p data-start=\"672\" data-end=\"812\">Dac\u0103 nu sunte\u021bi sigur de starea dumneavoastr\u0103 de s\u0103n\u0103tate, \u00eenainte de a \u00eencepe administrarea comprimatelor, consulta\u021bi obligatoriu un medic.<\/p>\n<p data-start=\"814\" data-end=\"846\"><strong data-start=\"814\" data-end=\"846\">Mod de utilizare Cenforce FM<\/strong><\/p>\n<p data-start=\"848\" data-end=\"1160\" data-is-last-node=\"\" data-is-only-node=\"\">Comprimatele Cenforce FM nu sunt compatibile cu nitra\u021bii \u0219i medicamentele care con\u021bin substan\u021be psihotrope.<br data-start=\"955\" data-end=\"958\" \/>\u00cen ziua administr\u0103rii comprimatelor, este interzis consumul oric\u0103ror analgezice, antidepresive, somnifere \u0219i antibiotice.<br data-start=\"1079\" data-end=\"1082\" \/>\u00cen primele 3 ore dup\u0103 administrare nu este permis\u0103 conducerea autovehiculelor.<\/p>\n","protected":false},"excerpt":{"rendered":"<p>Viagra Feminin\u0103 Cenforce FM \u2013 preparat dezvoltat special pentru femei.<\/p>\n<p>Se utilizeaz\u0103 de obicei de femei, ca urmare a insatisfac\u021biei sexuale<\/p>\n","protected":false},"featured_media":1912,"template":"","meta":{"_gspb_post_css":""},"product_brand":[],"product_cat":[70],"product_tag":[],"class_list":{"0":"post-1678","1":"product","2":"type-product","3":"status-publish","4":"has-post-thumbnail","6":"product_cat-pentru-femei","8":"first","9":"instock","10":"shipping-taxable","11":"purchasable","12":"product-type-simple"},"ct_brands":[],"_links":{"self":[{"href":"https:\/\/lovelas.md\/ro\/wp-json\/wp\/v2\/product\/1678","targetHints":{"allow":["GET"]}}],"collection":[{"href":"https:\/\/lovelas.md\/ro\/wp-json\/wp\/v2\/product"}],"about":[{"href":"https:\/\/lovelas.md\/ro\/wp-json\/wp\/v2\/types\/product"}],"wp:featuredmedia":[{"embeddable":true,"href":"https:\/\/lovelas.md\/ro\/wp-json\/wp\/v2\/media\/1912"}],"wp:attachment":[{"href":"https:\/\/lovelas.md\/ro\/wp-json\/wp\/v2\/media?parent=1678"}],"wp:term":[{"taxonomy":"product_brand","embeddable":true,"href":"https:\/\/lovelas.md\/ro\/wp-json\/wp\/v2\/product_brand?post=1678"},{"taxonomy":"product_cat","embeddable":true,"href":"https:\/\/lovelas.md\/ro\/wp-json\/wp\/v2\/product_cat?post=1678"},{"taxonomy":"product_tag","embeddable":true,"href":"https:\/\/lovelas.md\/ro\/wp-json\/wp\/v2\/product_tag?post=1678"}],"curies":[{"name":"wp","href":"https:\/\/api.w.org\/{rel}","templated":true}]}}