{"id":1676,"date":"2026-04-27T14:52:24","date_gmt":"2026-04-27T14:52:24","guid":{"rendered":"https:\/\/lovelas.md\/product\/super-p-force-4-comprimate\/"},"modified":"2026-05-05T12:14:59","modified_gmt":"2026-05-05T09:14:59","slug":"super-p-force-4-comprimate","status":"publish","type":"product","link":"https:\/\/lovelas.md\/ro\/produs\/super-p-force-4-comprimate\/","title":{"rendered":"Super P-Force \/ 4 Comprimate"},"content":{"rendered":"<p data-start=\"0\" data-end=\"434\"><strong data-start=\"0\" data-end=\"25\">Descrierea produsului<\/strong><br data-start=\"25\" data-end=\"28\" \/>Tabletele Super Viagra reprezint\u0103 un medicament combinat extrem de eficient pentru tratamentul \u0219i prevenirea ejacul\u0103rii precoce \u0219i a disfunc\u021biei erectile. Combina\u021bia excelent\u0103 de citrat de sildenafil (mai cunoscut sub numele de Viagra) \u0219i dapoxetin\u0103 (analog de marc\u0103 Priligy), un antidepresiv u\u0219or (inhibitor selectiv al recapt\u0103rii serotoninei), \u0219i-a demonstrat eficien\u021ba \u00een tratamentul ejacul\u0103rii precoce.<\/p>\n<p data-start=\"436\" data-end=\"787\">Super Viagra este un brand interna\u021bional, iar eficien\u021ba sa a fost testat\u0103 de peste 4 milioane de b\u0103rba\u021bi din \u00eentreaga lume. Medicamentul este destinat cre\u0219terii poten\u021bei \u0219i elimin\u0103rii ejacul\u0103rii precoce la b\u0103rba\u021bi. Principala diferen\u021b\u0103 a acestui produs este con\u021binutul simultan a dou\u0103 substan\u021be active: citrat de sildenafil 100 mg \u0219i dapoxetin\u0103 60 mg.<\/p>\n<p data-start=\"789\" data-end=\"944\">Remediul eficient cu ac\u021biune dubl\u0103, Super Viagra, a devenit extrem de popular imediat dup\u0103 apari\u021bia pe pia\u021b\u0103 \u00een r\u00e2ndul b\u0103rba\u021bilor care au probleme sexuale.<\/p>\n<p data-start=\"946\" data-end=\"990\">Produsul con\u021bine dou\u0103 substan\u021be eficiente:<\/p>\n<ul data-start=\"991\" data-end=\"1083\">\n<li data-section-id=\"zwi7q7\" data-start=\"991\" data-end=\"1036\">sildenafil, care asigur\u0103 o erec\u021bie ferm\u0103;<\/li>\n<li data-section-id=\"engjpx\" data-start=\"1037\" data-end=\"1083\">dapoxetin\u0103, care previne ejacularea precoce.<\/li>\n<\/ul>\n<p data-start=\"1085\" data-end=\"1219\">O tablet\u0103 de Super Viagra \u00eenseamn\u0103 un act sexual de durat\u0103 \u0219i posibilitatea de a economisi, cump\u0103r\u00e2nd un singur produs \u00een loc de dou\u0103.<\/p>\n<p data-start=\"1221\" data-end=\"1484\"><strong data-start=\"1221\" data-end=\"1289\">Viagra cu dapoxetin\u0103 \u2013 ajutor real \u00een tratament sau doar un mit?<\/strong><br data-start=\"1289\" data-end=\"1292\" \/>Noul produs Super Viagra, care poate fi achizi\u021bionat cu u\u0219urin\u021b\u0103, con\u021bine dou\u0103 substan\u021be active, fiecare av\u00e2nd propriul efect asupra organismului, iar combina\u021bia lor ofer\u0103 rezultate excelente.<\/p>\n<p data-start=\"1486\" data-end=\"1739\">Sildenafilul din compozi\u021bie ac\u021bioneaz\u0103 asupra mu\u0219chilor netezi, relax\u00e2ndu-i \u0219i intensific\u00e2nd fluxul sanguin. Astfel, \u00een momentul apari\u021biei dorin\u021bei sexuale, vasele de s\u00e2nge din penis func\u021bioneaz\u0103 normal, iar corpurile cavernoase se umplu rapid cu s\u00e2nge.<\/p>\n<p data-start=\"1741\" data-end=\"2009\">Dapoxetina ac\u021bioneaz\u0103 diferit. Este indicat\u0103 pentru tratamentul ejacul\u0103rii precoce, care \u00eempiedic\u0103 satisfacerea complet\u0103 a partenerei.<br data-start=\"1875\" data-end=\"1878\" \/>Cu ajutorul acestui medicament, se reduce tensiunea, sunt eliminate barierele psihologice \u0219i apare un efect antidepresiv pronun\u021bat.<\/p>\n<p data-start=\"2011\" data-end=\"2188\">\u00cen Super Viagra, combina\u021bia acestor substan\u021be ofer\u0103 un rezultat stabil \u0219i permite b\u0103rbatului nu doar s\u0103 men\u021bin\u0103 o erec\u021bie ferm\u0103, ci \u0219i s\u0103 prelungeasc\u0103 semnificativ actul sexual.<\/p>\n<p data-start=\"2190\" data-end=\"2337\"><strong data-start=\"2190\" data-end=\"2222\">Contraindica\u021bii Super Viagra<\/strong><br data-start=\"2222\" data-end=\"2225\" \/>Dac\u0103 decizia de a cump\u0103ra Super Viagra este luat\u0103, este necesar s\u0103 studia\u021bi cu aten\u021bie lista contraindica\u021biilor.<\/p>\n<ul data-start=\"2339\" data-end=\"2828\" data-is-last-node=\"\" data-is-only-node=\"\">\n<li data-section-id=\"1ho7iow\" data-start=\"2339\" data-end=\"2505\">Incompatibilitate cu alcoolul. Este recomandat s\u0103 alege\u021bi: fie consum de alcool, fie utilizarea medicamentului. \u00cen caz contrar, efectul poate fi opus celui dorit.<\/li>\n<li data-section-id=\"638d0r\" data-start=\"2506\" data-end=\"2632\">Alimentele grase \u0219i grele pot \u00eencetini ac\u021biunea medicamentului. Nu reprezint\u0103 o contraindica\u021bie, dar pot \u00eent\u00e2rzia efectul.<\/li>\n<li data-section-id=\"1dk5d3c\" data-start=\"2633\" data-end=\"2828\" data-is-last-node=\"\">Afec\u021biuni cronice ale ficatului sau rinichilor, insuficien\u021b\u0103 cardiac\u0103 acut\u0103 \u0219i alergii la componentele produsului. \u00cen aceste cazuri, este recomandat\u0103 consultarea medicului \u00eenainte de utilizare.<\/li>\n<\/ul>\n","protected":false},"excerpt":{"rendered":"<p>Comprimate Super Viagra cu ac\u021biune dubl\u0103 pentru prelungirea actului sexual \u0219i poten\u021b\u0103.<\/p>\n<p>Comprimatele Super Viagra sunt un preparat medical combinat super-eficient pentru tratamentul \u0219i prevenirea ejacul\u0103rii precoce \u0219i a disfunc\u021biei erectile.<\/p>\n","protected":false},"featured_media":1890,"template":"","meta":{"_gspb_post_css":""},"product_brand":[],"product_cat":[68,66],"product_tag":[],"class_list":{"0":"post-1676","1":"product","2":"type-product","3":"status-publish","4":"has-post-thumbnail","6":"product_cat-prelungitor","7":"product_cat-viagra","9":"first","10":"instock","11":"shipping-taxable","12":"purchasable","13":"product-type-simple"},"ct_brands":[],"_links":{"self":[{"href":"https:\/\/lovelas.md\/ro\/wp-json\/wp\/v2\/product\/1676","targetHints":{"allow":["GET"]}}],"collection":[{"href":"https:\/\/lovelas.md\/ro\/wp-json\/wp\/v2\/product"}],"about":[{"href":"https:\/\/lovelas.md\/ro\/wp-json\/wp\/v2\/types\/product"}],"wp:featuredmedia":[{"embeddable":true,"href":"https:\/\/lovelas.md\/ro\/wp-json\/wp\/v2\/media\/1890"}],"wp:attachment":[{"href":"https:\/\/lovelas.md\/ro\/wp-json\/wp\/v2\/media?parent=1676"}],"wp:term":[{"taxonomy":"product_brand","embeddable":true,"href":"https:\/\/lovelas.md\/ro\/wp-json\/wp\/v2\/product_brand?post=1676"},{"taxonomy":"product_cat","embeddable":true,"href":"https:\/\/lovelas.md\/ro\/wp-json\/wp\/v2\/product_cat?post=1676"},{"taxonomy":"product_tag","embeddable":true,"href":"https:\/\/lovelas.md\/ro\/wp-json\/wp\/v2\/product_tag?post=1676"}],"curies":[{"name":"wp","href":"https:\/\/api.w.org\/{rel}","templated":true}]}}