{"id":1673,"date":"2026-04-27T14:49:45","date_gmt":"2026-04-27T14:49:45","guid":{"rendered":"https:\/\/lovelas.md\/product\/dapoxetin-60-mg-10-tab\/"},"modified":"2026-05-05T11:49:43","modified_gmt":"2026-05-05T08:49:43","slug":"dapoxetin-60-mg-10-tab","status":"publish","type":"product","link":"https:\/\/lovelas.md\/ro\/produs\/dapoxetin-60-mg-10-tab\/","title":{"rendered":"Dapoxetin 60 mg \/ 10 Tab"},"content":{"rendered":"<p data-start=\"0\" data-end=\"55\"><strong data-start=\"0\" data-end=\"55\">Dapoxetin\u0103 30\/60 mg \u2013 caracteristicile preparatului<\/strong><\/p>\n<p data-start=\"57\" data-end=\"547\">Dapoxetina 30\/60 mg este un medicament pentru b\u0103rba\u021bi, care apar\u021bine categoriei de prelungitoare ale actului sexual. Principalele func\u021bii ale preparatului constau \u00een \u00eembun\u0103t\u0103\u021birea calit\u0103\u021bii erec\u021biei masculine \u0219i prelungirea duratei actului sexual. O tablet\u0103 de Dapoxetin\u0103 30 mg contribuie la \u00eent\u00e2rzierea ejacul\u0103rii \u0219i la prelungirea actului sexual de 3\u20134 ori. Este indicat\u0103 pentru tratamentul b\u0103rba\u021bilor cu v\u00e2rsta \u00eentre 18\u201365 de ani, care sufer\u0103 de disfunc\u021bie erectil\u0103 \u0219i ejaculare precoce.<\/p>\n<h3 data-section-id=\"14empp1\" data-start=\"549\" data-end=\"587\">Descriere scurt\u0103 a medicamentului:<\/h3>\n<ul data-start=\"589\" data-end=\"1098\">\n<li data-section-id=\"1tjkre9\" data-start=\"589\" data-end=\"655\">se prezint\u0103 sub form\u0103 de comprimate pentru administrare oral\u0103;<\/li>\n<li data-section-id=\"12vos12\" data-start=\"656\" data-end=\"747\">con\u021bine dapoxetin\u0103 \u2013 inhibitor selectiv al recapt\u0103rii serotoninei (hormonul fericirii);<\/li>\n<li data-section-id=\"zh9v8t\" data-start=\"748\" data-end=\"808\">se administreaz\u0103 cu 1\u20133 ore \u00eenainte de contactul sexual;<\/li>\n<li data-section-id=\"1xhj5kt\" data-start=\"809\" data-end=\"855\">ac\u021bioneaz\u0103 rapid, dup\u0103 prima administrare;<\/li>\n<li data-section-id=\"dl9tey\" data-start=\"856\" data-end=\"941\">nu provoac\u0103 dependen\u021b\u0103 \u0219i este potrivit pentru utilizare regulat\u0103 pe termen lung;<\/li>\n<li data-section-id=\"183ikdv\" data-start=\"942\" data-end=\"1098\">Dapoxetina 30\/60 mg este un generic indian de calitate, analog al produsului original, cu ac\u021biune, dozaj, form\u0103 de eliberare \u0219i mod de utilizare identice.<\/li>\n<\/ul>\n<hr data-start=\"1100\" data-end=\"1103\" \/>\n<h2 data-section-id=\"b37rz9\" data-start=\"1105\" data-end=\"1148\">Instruc\u021biuni de utilizare ROHET 30\/60 mg<\/h2>\n<h3 data-section-id=\"16b19h9\" data-start=\"1150\" data-end=\"1169\">Dozaj standard:<\/h3>\n<p data-start=\"1170\" data-end=\"1463\">Doza zilnic\u0103 este de 30\u201360 mg dapoxetin\u0103, ceea ce echivaleaz\u0103 cu 1\u20132 comprimate de Dapoxetin\u0103 30 mg. Doza poate fi modificat\u0103 la recomandarea medicului. Doar medicul stabile\u0219te doza optim\u0103 \u0219i durata tratamentului, \u00een func\u021bie de v\u00e2rst\u0103, particularit\u0103\u021bile organismului \u0219i severitatea afec\u021biunii.<\/p>\n<h3 data-section-id=\"tqcylb\" data-start=\"1465\" data-end=\"1490\">Cum se administreaz\u0103:<\/h3>\n<p data-start=\"1492\" data-end=\"1669\">1\u20132 comprimate de Dapoxetin\u0103 30 mg se administreaz\u0103 oral, cu ap\u0103 plat\u0103. Pentru un efect mai bun nu este recomandat s\u0103 se consume mese foarte consistente \u00eenainte de administrare.<\/p>\n<h3 data-section-id=\"15pzleq\" data-start=\"1671\" data-end=\"1698\">C\u00e2nd se ia comprimatul:<\/h3>\n<p data-start=\"1700\" data-end=\"1738\">Cu 1\u20133 ore \u00eenainte de contactul intim.<\/p>\n<h3 data-section-id=\"1ax9ups\" data-start=\"1740\" data-end=\"1768\">Eliminarea din organism:<\/h3>\n<p data-start=\"1770\" data-end=\"1890\">Dapoxetina este eliminat\u0103 \u00een principal prin intestin \u0219i par\u021bial prin rinichi. Timpul total de eliminare este de 4\u20135 ore.<\/p>\n<p data-start=\"1892\" data-end=\"2059\">Dapoxetina 30 mg se elibereaz\u0103 f\u0103r\u0103 re\u021bet\u0103, \u00eens\u0103 \u00eenainte de utilizare este recomandat\u0103 consultarea unui medic. Este important s\u0103 fie citit\u0103 instruc\u021biunea de utilizare.<\/p>\n<hr data-start=\"2061\" data-end=\"2064\" \/>\n<h2 data-section-id=\"187m53m\" data-start=\"2066\" data-end=\"2089\">C\u00e2nd \u00eencepe ac\u021biunea<\/h2>\n<p data-start=\"2091\" data-end=\"2517\">Dapoxetina 30 mg este un preparat eficient pentru prelungirea actului sexual, cu efect stabil \u0219i de durat\u0103. Ac\u021biunea apare la 40\u201360 de minute dup\u0103 administrarea oral\u0103 \u0219i dureaz\u0103 cel pu\u021bin 5 ore, permi\u021b\u00e2nd mai multe contacte sexuale reu\u0219ite \u00eentr-o singur\u0103 doz\u0103. Efectul apare doar \u00een prezen\u021ba stimul\u0103rii sexuale naturale, evit\u00e2nd ac\u021biunea nedorit\u0103 \u00een alte situa\u021bii. V\u00e2rful efectului este la aproximativ 1 or\u0103 dup\u0103 administrare.<\/p>\n<hr data-start=\"2519\" data-end=\"2522\" \/>\n<h2 data-section-id=\"1gvcji9\" data-start=\"2524\" data-end=\"2584\">M\u0103suri de precau\u021bie la administrarea Dapoxetinei 30\/60 mg<\/h2>\n<p data-start=\"2586\" data-end=\"2770\">Dapoxetina 30 mg este un medicament care poate provoca \u00een unele cazuri reac\u021bii adverse. \u00cenainte de utilizare este recomandat s\u0103 se exclud\u0103 contraindica\u021biile \u0219i s\u0103 se consulte un medic.<\/p>\n<h3 data-section-id=\"8wwhuy\" data-start=\"2772\" data-end=\"2792\">Contraindica\u021bii:<\/h3>\n<ul data-start=\"2794\" data-end=\"3086\">\n<li data-section-id=\"gspxef\" data-start=\"2794\" data-end=\"2897\">boli cardiace sau vasculare (angin\u0103 pectoral\u0103, insuficien\u021b\u0103 cardiac\u0103, aritmii, hipertensiune etc.);<\/li>\n<li data-section-id=\"368e1h\" data-start=\"2898\" data-end=\"2935\">prezen\u021ba unui stimulator cardiac;<\/li>\n<li data-section-id=\"1ulp4df\" data-start=\"2936\" data-end=\"2990\">hipersensibilitate la componentele medicamentului;<\/li>\n<li data-section-id=\"azfzgj\" data-start=\"2991\" data-end=\"3025\">afec\u021biuni hepatice sau renale;<\/li>\n<li data-section-id=\"f7m2bk\" data-start=\"3026\" data-end=\"3050\">ulcer \u00een faz\u0103 acut\u0103;<\/li>\n<li data-section-id=\"1i10z4t\" data-start=\"3051\" data-end=\"3086\">v\u00e2rsta sub 18 ani \u0219i sex feminin.<\/li>\n<\/ul>\n<h3 data-section-id=\"1r75og7\" data-start=\"3088\" data-end=\"3117\">Reac\u021bii adverse posibile:<\/h3>\n<p data-start=\"3119\" data-end=\"3220\">Utilizarea incorect\u0103 sau supradozajul poate provoca reac\u021bii nedorite care afecteaz\u0103 calitatea vie\u021bii.<\/p>\n<p data-start=\"3222\" data-end=\"3257\">Cele mai frecvente reac\u021bii adverse:<\/p>\n<ul data-start=\"3259\" data-end=\"3503\">\n<li data-section-id=\"1buvt6f\" data-start=\"3259\" data-end=\"3294\">somnolen\u021b\u0103, sl\u0103biciune, apatie;<\/li>\n<li data-section-id=\"14r03bz\" data-start=\"3295\" data-end=\"3310\">tahicardie;<\/li>\n<li data-section-id=\"u8gnme\" data-start=\"3311\" data-end=\"3328\">hipotensiune;<\/li>\n<li data-section-id=\"118xc2e\" data-start=\"3329\" data-end=\"3359\">dificult\u0103\u021bi de respira\u021bie;<\/li>\n<li data-section-id=\"rjjbdq\" data-start=\"3360\" data-end=\"3398\">edem \u0219i \u00eenro\u0219irea fe\u021bei (bufeuri);<\/li>\n<li data-section-id=\"17bn8ym\" data-start=\"3399\" data-end=\"3460\">dureri de cap, musculare, de spate sau \u00een zona perineal\u0103;<\/li>\n<li data-section-id=\"13rr457\" data-start=\"3461\" data-end=\"3483\">grea\u021b\u0103, v\u0103rs\u0103turi;<\/li>\n<li data-section-id=\"k3045y\" data-start=\"3484\" data-end=\"3503\">congestie nazal\u0103.<\/li>\n<\/ul>\n<p data-start=\"3505\" data-end=\"3632\" data-is-last-node=\"\" data-is-only-node=\"\">Orice modificare negativ\u0103 a st\u0103rii de s\u0103n\u0103tate reprezint\u0103 un motiv pentru \u00eentreruperea administr\u0103rii \u0219i consultarea unui medic.<\/p>\n","protected":false},"excerpt":{"rendered":"<div class=\"element-item element-item--static\" data-element-justify=\"start\" data-is=\"element\" data-id=\"285486863\" data-e-id=\"text01\">\n<div class=\"element-content element-285486863 element-content--static\">\n<div class=\"element-text text-style-content \">\n<p>Dapoxetin 30 mg. Acest preparat \u00ee\u021bi va prelungi actul sexual de 4-5 ori.<\/p>\n<p>O tablet\u0103 de Dapoxetin 60 mg contribuie la \u00eent\u00e2rzierea ejacul\u0103rii \u0219i la prelungirea actului sexual de 3-4 ori. Este indicat pentru tratamentul b\u0103rba\u021bilor cu v\u00e2rste cuprinse \u00eentre 18 \u0219i 65 de ani, care sufer\u0103 de disfunc\u021bie erectil\u0103 \u0219i ejaculare precoce.<\/p>\n<\/div>\n<\/div>\n<\/div>\n<div class=\"element-item is-last-child element-item--static\" data-element-justify=\"start\" data-is=\"element\" data-id=\"790570381\" data-e-id=\"button01\">\n<div class=\"element-content element-790570381 element-content--static\">\n<div class=\"buttons-holder single with-price\">\n<div class=\"button-wrapper button-1\"><\/div>\n<\/div>\n<\/div>\n<\/div>\n","protected":false},"featured_media":1894,"template":"","meta":{"_gspb_post_css":""},"product_brand":[],"product_cat":[68],"product_tag":[],"class_list":{"0":"post-1673","1":"product","2":"type-product","3":"status-publish","4":"has-post-thumbnail","6":"product_cat-prelungitor","8":"first","9":"instock","10":"shipping-taxable","11":"purchasable","12":"product-type-simple"},"ct_brands":[],"_links":{"self":[{"href":"https:\/\/lovelas.md\/ro\/wp-json\/wp\/v2\/product\/1673","targetHints":{"allow":["GET"]}}],"collection":[{"href":"https:\/\/lovelas.md\/ro\/wp-json\/wp\/v2\/product"}],"about":[{"href":"https:\/\/lovelas.md\/ro\/wp-json\/wp\/v2\/types\/product"}],"wp:featuredmedia":[{"embeddable":true,"href":"https:\/\/lovelas.md\/ro\/wp-json\/wp\/v2\/media\/1894"}],"wp:attachment":[{"href":"https:\/\/lovelas.md\/ro\/wp-json\/wp\/v2\/media?parent=1673"}],"wp:term":[{"taxonomy":"product_brand","embeddable":true,"href":"https:\/\/lovelas.md\/ro\/wp-json\/wp\/v2\/product_brand?post=1673"},{"taxonomy":"product_cat","embeddable":true,"href":"https:\/\/lovelas.md\/ro\/wp-json\/wp\/v2\/product_cat?post=1673"},{"taxonomy":"product_tag","embeddable":true,"href":"https:\/\/lovelas.md\/ro\/wp-json\/wp\/v2\/product_tag?post=1673"}],"curies":[{"name":"wp","href":"https:\/\/api.w.org\/{rel}","templated":true}]}}