{"id":1669,"date":"2026-04-27T14:46:21","date_gmt":"2026-04-27T14:46:21","guid":{"rendered":"https:\/\/lovelas.md\/product\/super-vilitra-10-comprimate\/"},"modified":"2026-05-05T12:24:10","modified_gmt":"2026-05-05T09:24:10","slug":"super-vilitra-10-comprimate","status":"publish","type":"product","link":"https:\/\/lovelas.md\/ro\/produs\/super-vilitra-10-comprimate\/","title":{"rendered":"Super Vilitra: 10 Comprimate"},"content":{"rendered":"<p data-start=\"0\" data-end=\"307\"><strong data-start=\"0\" data-end=\"74\">Super Vilitra este indispensabil\u0103 \u00een tratamentul impoten\u021bei la b\u0103rba\u021bi<\/strong>, stimuleaz\u0103 umplerea corpurilor cavernoase ale penisului, contribuie la normalizarea circula\u021biei sanguine, face erec\u021bia mai ferm\u0103 \u0219i mai durabil\u0103, cre\u0219te rezisten\u021ba organismului \u0219i ajut\u0103 la eliminarea tuturor simptomelor impoten\u021bei.<\/p>\n<p data-start=\"309\" data-end=\"618\"><strong data-start=\"309\" data-end=\"323\">Dapoxetina<\/strong> este un inhibitor al recapt\u0103rii serotoninei, cresc\u00e2nd nivelul acesteia \u00een s\u00e2nge p\u00e2n\u0103 la starea de dup\u0103 orgasm, ceea ce ajut\u0103 la prevenirea ejacul\u0103rii precoce. Din acest motiv, la aproximativ 10% dintre utilizatori apare un efect secundar \u2014 erec\u021bie slab\u0103, \u00eens\u0103 Levitra compenseaz\u0103 acest neajuns.<\/p>\n<h3 data-section-id=\"17a6z09\" data-start=\"620\" data-end=\"691\">Care este particularitatea Super Vilitra (Dapoxetin\u0103 + Vardenafil)?<\/h3>\n<p data-start=\"693\" data-end=\"882\">Super Vilitra este un preparat combinat unic, care ajut\u0103 la rezolvarea a dou\u0103 probleme principale cu care se poate confrunta un b\u0103rbat \u00een via\u021ba sexual\u0103: erec\u021bia slab\u0103 \u0219i ejacularea precoce.<\/p>\n<p data-start=\"884\" data-end=\"982\">Medicamentul este utilizat nu doar pentru tratarea problemelor existente, ci \u0219i \u00een scop preventiv.<\/p>\n<p data-start=\"984\" data-end=\"1221\">Utiliz\u00e2nd acest preparat, care combin\u0103 Levitra \u0219i Dapoxetina, pute\u021bi fi sigur c\u0103, \u00een prezen\u021ba stimul\u0103rii sexuale, ve\u021bi ob\u021bine o erec\u021bie ferm\u0103 \u0219i de lung\u0103 durat\u0103. Dup\u0103 actul sexual, organul genital revine la starea sa normal\u0103 de relaxare.<\/p>\n<p data-start=\"1223\" data-end=\"1356\"><strong data-start=\"1223\" data-end=\"1244\">Durata de ac\u021biune<\/strong> este principalul avantaj al medicamentului. Conform studiilor clinice, efectul activ dureaz\u0103 \u00eentre 8 \u0219i 10 ore.<\/p>\n<p data-start=\"1358\" data-end=\"1501\">\u00cen acest interval, organismul este capabil s\u0103 dezvolte \u00een medie 3\u20135 erec\u021bii stabile. Durata medie a fiec\u0103reia este de aproximativ 40 de minute.<\/p>\n<p data-start=\"1503\" data-end=\"1646\">Potrivit testelor clinice, dup\u0103 administrarea Super Vilitra, organismul are nevoie de p\u00e2n\u0103 la 30 de minute pentru a se recupera dup\u0103 ejaculare.<\/p>\n<hr data-start=\"1648\" data-end=\"1651\" \/>\n<h3 data-section-id=\"1eugs6a\" data-start=\"1653\" data-end=\"1682\">Instruc\u021biuni de utilizare<\/h3>\n<p data-start=\"1684\" data-end=\"1918\">Super Vilitra se administreaz\u0103 cu o or\u0103 \u00eenainte de actul sexual preconizat, cu ap\u0103 obi\u0219nuit\u0103. Se recomand\u0103 <strong data-start=\"1791\" data-end=\"1820\">maximum 1 comprimat pe zi<\/strong> \u2014 cre\u0219terea dozei nu \u00eembun\u0103t\u0103\u021be\u0219te efectul, dar poate cre\u0219te riscul apari\u021biei reac\u021biilor adverse.<\/p>\n<p data-start=\"1920\" data-end=\"2187\">Efectul Vardenafilului \u00eencepe dup\u0103 aproximativ 30 de minute, iar cel al Dapoxetinei dup\u0103 aproximativ o or\u0103, ating\u00e2nd concentra\u021bia maxim\u0103 \u00een s\u00e2nge dup\u0103 2 ore. Acest interval poate fi redus dac\u0103 medicamentul este administrat pe stomacul gol, cu o cantitate mare de ap\u0103.<\/p>\n<p data-start=\"2189\" data-end=\"2349\">Pe durata utiliz\u0103rii, evita\u021bi consumul de alcool \u0219i alimente grase, deoarece acestea \u00eencetinesc absorb\u021bia substan\u021belor active \u0219i reduc eficien\u021ba medicamentului.<\/p>\n<p data-start=\"2351\" data-end=\"2429\">De asemenea, Super Vilitra (Levitra + Dapoxetin\u0103) <strong data-start=\"2401\" data-end=\"2428\">nu trebuie combinat\u0103 cu<\/strong>:<\/p>\n<ul data-start=\"2430\" data-end=\"2507\">\n<li data-section-id=\"s06ga6\" data-start=\"2430\" data-end=\"2446\">antidepresive;<\/li>\n<li data-section-id=\"z3qvja\" data-start=\"2447\" data-end=\"2460\">analgezice;<\/li>\n<li data-section-id=\"13ejftr\" data-start=\"2461\" data-end=\"2494\">medicamente pe baz\u0103 de nitra\u021bi;<\/li>\n<li data-section-id=\"wefudg\" data-start=\"2495\" data-end=\"2507\">somnifere.<\/li>\n<\/ul>\n<hr data-start=\"2509\" data-end=\"2512\" \/>\n<h3 data-section-id=\"11t87gm\" data-start=\"2514\" data-end=\"2551\">Contraindica\u021bii \u0219i efecte adverse<\/h3>\n<p data-start=\"2553\" data-end=\"2733\">Super Vilitra este un medicament puternic, care poate avea efecte negative asupra unui organism sl\u0103bit, de aceea nu este potrivit pentru toat\u0103 lumea. Evita\u021bi utilizarea dac\u0103 ave\u021bi:<\/p>\n<ul data-start=\"2734\" data-end=\"2890\">\n<li data-section-id=\"qih4lf\" data-start=\"2734\" data-end=\"2755\">alergie la lactoz\u0103;<\/li>\n<li data-section-id=\"aaek2v\" data-start=\"2756\" data-end=\"2792\">boli ale rinichilor sau ficatului;<\/li>\n<li data-section-id=\"1ymcgku\" data-start=\"2793\" data-end=\"2809\">hipertensiune;<\/li>\n<li data-section-id=\"a0h6qj\" data-start=\"2810\" data-end=\"2853\">boli grave ale sistemului cardiovascular;<\/li>\n<li data-section-id=\"hzd4du\" data-start=\"2854\" data-end=\"2890\">deform\u0103ri anatomice ale penisului.<\/li>\n<\/ul>\n<p data-start=\"2892\" data-end=\"2920\"><strong data-start=\"2892\" data-end=\"2919\">Efecte adverse posibile<\/strong>:<\/p>\n<ul data-start=\"2921\" data-end=\"2992\">\n<li data-section-id=\"2x12o9\" data-start=\"2921\" data-end=\"2940\">dureri musculare;<\/li>\n<li data-section-id=\"yeh03f\" data-start=\"2941\" data-end=\"2950\">apatie;<\/li>\n<li data-section-id=\"rx9flt\" data-start=\"2951\" data-end=\"2961\">ame\u021beli;<\/li>\n<li data-section-id=\"4104e5\" data-start=\"2962\" data-end=\"2978\">dureri de cap;<\/li>\n<li data-section-id=\"9lkhs9\" data-start=\"2979\" data-end=\"2992\">somnolen\u021b\u0103.<\/li>\n<\/ul>\n<p data-start=\"2994\" data-end=\"3044\"><strong data-start=\"2994\" data-end=\"3009\">Doza optim\u0103<\/strong>: nu mai mult de 1 comprimat pe zi.<\/p>\n<hr data-start=\"3046\" data-end=\"3049\" \/>\n<h3 data-section-id=\"nrkrpd\" data-start=\"3051\" data-end=\"3085\">Declara\u021bie de responsabilitate<\/h3>\n<p data-start=\"3087\" data-end=\"3395\" data-is-last-node=\"\" data-is-only-node=\"\">Super Vilitra este un medicament \u0219i trebuie administrat doar dup\u0103 consult medical \u0219i recomandarea unui medic. Administra\u021bia site-ului nu \u00ee\u0219i asum\u0103 responsabilitatea pentru efectele adverse sau pentru orice prejudiciu asupra s\u0103n\u0103t\u0103\u021bii rezultat din automedica\u021bia cu produse pe baz\u0103 de Vardenafil \u0219i Dapoxetin\u0103.<\/p>\n","protected":false},"excerpt":{"rendered":"<p>Super Levitra ac\u021bioneaz\u0103 \u00een 2 direc\u021bii: \u00eent\u0103re\u0219te erec\u021bia p\u00e2n\u0103 la 8 ore \u0219i prelunge\u0219te actul sexual de 2-4 ori.<\/p>\n<p>Fiecare comprimat con\u021bine unul dintre cele mai populare medicamente din lume pentru \u00eembun\u0103t\u0103\u021birea erec\u021biei, Levitra (Vardenafil) 20 mg, \u0219i singurul medicament din lume pentru prelungirea actului sexual \u2013 Dapoxetin\u0103 60 mg.<\/p>\n","protected":false},"featured_media":1931,"template":"","meta":{"_gspb_post_css":""},"product_brand":[],"product_cat":[69,68],"product_tag":[],"class_list":{"0":"post-1669","1":"product","2":"type-product","3":"status-publish","4":"has-post-thumbnail","6":"product_cat-levitra","7":"product_cat-prelungitor","9":"first","10":"instock","11":"shipping-taxable","12":"purchasable","13":"product-type-simple"},"ct_brands":[],"_links":{"self":[{"href":"https:\/\/lovelas.md\/ro\/wp-json\/wp\/v2\/product\/1669","targetHints":{"allow":["GET"]}}],"collection":[{"href":"https:\/\/lovelas.md\/ro\/wp-json\/wp\/v2\/product"}],"about":[{"href":"https:\/\/lovelas.md\/ro\/wp-json\/wp\/v2\/types\/product"}],"wp:featuredmedia":[{"embeddable":true,"href":"https:\/\/lovelas.md\/ro\/wp-json\/wp\/v2\/media\/1931"}],"wp:attachment":[{"href":"https:\/\/lovelas.md\/ro\/wp-json\/wp\/v2\/media?parent=1669"}],"wp:term":[{"taxonomy":"product_brand","embeddable":true,"href":"https:\/\/lovelas.md\/ro\/wp-json\/wp\/v2\/product_brand?post=1669"},{"taxonomy":"product_cat","embeddable":true,"href":"https:\/\/lovelas.md\/ro\/wp-json\/wp\/v2\/product_cat?post=1669"},{"taxonomy":"product_tag","embeddable":true,"href":"https:\/\/lovelas.md\/ro\/wp-json\/wp\/v2\/product_tag?post=1669"}],"curies":[{"name":"wp","href":"https:\/\/api.w.org\/{rel}","templated":true}]}}