{"id":1667,"date":"2026-04-27T14:44:42","date_gmt":"2026-04-27T14:44:42","guid":{"rendered":"https:\/\/lovelas.md\/product\/levitra-40-mg-10-tab\/"},"modified":"2026-05-05T12:09:33","modified_gmt":"2026-05-05T09:09:33","slug":"levitra-40-mg-10-tab","status":"publish","type":"product","link":"https:\/\/lovelas.md\/ro\/produs\/levitra-40-mg-10-tab\/","title":{"rendered":"Levitra 40 mg \/ 10 Tab"},"content":{"rendered":"<p data-start=\"0\" data-end=\"297\"><strong>Levitra 20 \/ 40 mg<\/strong><br data-start=\"19\" data-end=\"22\" \/>Comprimate Levitra 40 \u2013 doz\u0103 m\u0103rit\u0103 de Levitra, utilizat\u0103 \u00een combaterea disfunc\u021biei erectile \u0219i a altor semne de impoten\u021b\u0103 la b\u0103rba\u021bi. Medicamentul a fost dezvoltat de compania farmaceutic\u0103 german\u0103 Bayer.<br data-start=\"226\" data-end=\"229\" \/>Produc\u0103torul versiunii generice este din India, concernul Centurion.<\/p>\n<p data-start=\"299\" data-end=\"771\"><strong data-start=\"299\" data-end=\"345\">Avantajele \u0219i propriet\u0103\u021bile medicamentului<\/strong><br data-start=\"345\" data-end=\"348\" \/>Medicamentul Levitra poate \u00eembun\u0103t\u0103\u021bi erec\u021bia \u00een decurs de 1 or\u0103 de la administrare. Eficien\u021ba se datoreaz\u0103 substan\u021bei active vardenafil. Un component suplimentar este dioxidul de siliciu. Dup\u0103 administrare, b\u0103rbatul va sim\u021bi o intensificare a circula\u021biei sanguine \u00een penis. Acest lucru se datoreaz\u0103 relax\u0103rii musculaturii netede a corpurilor cavernoase. Levitra \u00eencepe s\u0103 ac\u021bioneze \u00een prezen\u021ba stimul\u0103rii sexuale naturale.<\/p>\n<p data-start=\"773\" data-end=\"1134\"><strong data-start=\"773\" data-end=\"806\">Cum ac\u021bioneaz\u0103 Levitra 40 mg?<\/strong><br data-start=\"806\" data-end=\"809\" \/>Prin cre\u0219terea nivelului de testosteron \u00een s\u00e2nge, varianta generic\u0103 Levitra 40 dilat\u0103 vasele de s\u00e2nge din zona pelvian\u0103 \u0219i ofer\u0103 un efect sigur. Dup\u0103 ce s\u00e2ngele \u00eembog\u0103\u021bit cu hormoni sexuali ajunge la organele genitale, penisul intr\u0103 u\u0219or \u00een erec\u021bie \u2013 devenind mai ferm \u0219i mai rigid, indiferent de intensitatea actului sexual.<\/p>\n<p data-start=\"1136\" data-end=\"1452\"><strong data-start=\"1136\" data-end=\"1172\">Cui i se recomand\u0103 Levitra 40 mg<\/strong><br data-start=\"1172\" data-end=\"1175\" \/>Comprimatele Levitra sunt recomandate b\u0103rba\u021bilor pentru \u00eembun\u0103t\u0103\u021birea poten\u021bei. Ajut\u0103 \u00een tratarea erec\u021biei slabe. \u00cembun\u0103t\u0103\u021be\u0219te rezisten\u021ba sistemului reproductiv masculin \u00een timpul actului sexual. Cre\u0219te viteza de excitare \u00een condi\u021bii intime. Prelunge\u0219te durata actului sexual.<\/p>\n<p data-start=\"1454\" data-end=\"1667\"><strong data-start=\"1454\" data-end=\"1492\">Cum se administreaz\u0103 comprimatele?<\/strong><br data-start=\"1492\" data-end=\"1495\" \/>Se administreaz\u0103 1 comprimat pe zi, cu aproximativ 30 de minute \u00eenainte de contactul sexual. Comprimatele trebuie \u00eenghi\u021bite cu ap\u0103. Nu este stabilit un tratament de durat\u0103.<\/p>\n<p data-start=\"1669\" data-end=\"1932\"><strong data-start=\"1669\" data-end=\"1706\">C\u00e2t timp ac\u021bioneaz\u0103 un comprimat?<\/strong><br data-start=\"1706\" data-end=\"1709\" \/>Levitra 40 mg ac\u021bioneaz\u0103 p\u00e2n\u0103 la 12 ore dup\u0103 administrare. \u00cen acest interval, medicamentul poate preg\u0103ti organismul pentru 5\u201310 erec\u021bii.<br data-start=\"1845\" data-end=\"1848\" \/>Durata fiec\u0103rui act sexual dup\u0103 administrare poate fi de la 30 p\u00e2n\u0103 la 60 de minute.<\/p>\n<p data-start=\"1934\" data-end=\"2435\"><strong data-start=\"1934\" data-end=\"1994\">\u00cenainte de a \u00eencepe utilizarea Levitra, trebuie s\u0103 \u0219ti\u021bi<\/strong><br data-start=\"1994\" data-end=\"1997\" \/>Urologii nu recomand\u0103 administrarea Levitra \u00eempreun\u0103 cu nitra\u021bi sau al\u021bi stimulatori ai erec\u021biei. Este interzis\u0103 utilizarea \u00een combina\u021bie cu antidepresive puternice, antibiotice, somnifere sau analgezice.<br data-start=\"2201\" data-end=\"2204\" \/>Este important s\u0103 respecta\u021bi recomand\u0103rile de utilizare. Nu se recomand\u0103:<br data-start=\"2277\" data-end=\"2280\" \/>\u00a0 \u00a0 \u2022 consumul concomitent de alcool<br data-start=\"2312\" data-end=\"2315\" \/>\u00a0 \u00a0 \u2022 persoanelor sub 18 ani<br data-start=\"2339\" data-end=\"2342\" \/>\u00a0 \u00a0 \u2022 administrarea simultan\u0103 cu alte analoguri ale Viagra<br data-start=\"2396\" data-end=\"2399\" \/>\u00cen caz contrar, consulta\u021bi un medic.<\/p>\n<p data-start=\"2437\" data-end=\"2701\" data-is-last-node=\"\" data-is-only-node=\"\"><strong data-start=\"2437\" data-end=\"2466\">Posibile efecte secundare<\/strong><br data-start=\"2466\" data-end=\"2469\" \/>Simptome generale de disconfort: grea\u021b\u0103, ame\u021beli, dureri de cap periodice \u0219i apatie. De obicei, aceste simptome apar \u00een cazul supradoz\u0103rii. Dac\u0103 observa\u021bi oricare dintre ele, \u00eentrerupe\u021bi administrarea \u0219i consulta\u021bi un medic urolog.<\/p>\n","protected":false},"excerpt":{"rendered":"<p>Substan\u021ba activ\u0103 \u2013 Vardenafil, 40 mg. Levitra este un medicament nou pentru tratamentul disfunc\u021biei erectile, disponibil sub form\u0103 de comprimate. Ac\u021biunea medicamentului dureaz\u0103 p\u00e2n\u0103 la 12 ore.<\/p>\n<p>Ac\u021biunea Levitra este similar\u0103 cu cea a popularului medicament Viagra, dar, cu toate acestea, Levitra este oarecum mai eficient\u0103 ca mijloc de tratament al tulbur\u0103rilor de erec\u021bie \u0219i de men\u021binere a poten\u021bei.<\/p>\n","protected":false},"featured_media":1898,"template":"","meta":{"_gspb_post_css":""},"product_brand":[],"product_cat":[69],"product_tag":[],"class_list":{"0":"post-1667","1":"product","2":"type-product","3":"status-publish","4":"has-post-thumbnail","6":"product_cat-levitra","8":"first","9":"instock","10":"shipping-taxable","11":"purchasable","12":"product-type-simple"},"ct_brands":[],"_links":{"self":[{"href":"https:\/\/lovelas.md\/ro\/wp-json\/wp\/v2\/product\/1667","targetHints":{"allow":["GET"]}}],"collection":[{"href":"https:\/\/lovelas.md\/ro\/wp-json\/wp\/v2\/product"}],"about":[{"href":"https:\/\/lovelas.md\/ro\/wp-json\/wp\/v2\/types\/product"}],"wp:featuredmedia":[{"embeddable":true,"href":"https:\/\/lovelas.md\/ro\/wp-json\/wp\/v2\/media\/1898"}],"wp:attachment":[{"href":"https:\/\/lovelas.md\/ro\/wp-json\/wp\/v2\/media?parent=1667"}],"wp:term":[{"taxonomy":"product_brand","embeddable":true,"href":"https:\/\/lovelas.md\/ro\/wp-json\/wp\/v2\/product_brand?post=1667"},{"taxonomy":"product_cat","embeddable":true,"href":"https:\/\/lovelas.md\/ro\/wp-json\/wp\/v2\/product_cat?post=1667"},{"taxonomy":"product_tag","embeddable":true,"href":"https:\/\/lovelas.md\/ro\/wp-json\/wp\/v2\/product_tag?post=1667"}],"curies":[{"name":"wp","href":"https:\/\/api.w.org\/{rel}","templated":true}]}}