{"id":1663,"date":"2026-04-27T14:42:01","date_gmt":"2026-04-27T14:42:01","guid":{"rendered":"https:\/\/lovelas.md\/product\/super-vidalista-10-comprimate\/"},"modified":"2026-05-05T12:20:17","modified_gmt":"2026-05-05T09:20:17","slug":"super-vidalista-10-comprimate","status":"publish","type":"product","link":"https:\/\/lovelas.md\/ro\/produs\/super-vidalista-10-comprimate\/","title":{"rendered":"Super Vidalista \/ 10 Comprimate"},"content":{"rendered":"<p data-start=\"0\" data-end=\"512\"><strong data-start=\"0\" data-end=\"19\">SUPER VIDALISTA<\/strong> \u2013 este un preparat combinat, destinat rezolv\u0103rii a dou\u0103 probleme la b\u0103rba\u021bi: sc\u0103derea poten\u021bei \u0219i durata scurt\u0103 a actului sexual. Comprimatele, produse de compania farmaceutic\u0103 <span class=\"hover:entity-accent entity-underline inline cursor-pointer align-baseline\"><span class=\"whitespace-normal\">Centurion Laboratories<\/span><\/span>, con\u021bin tadalafil \u0219i dapoxetin\u0103, care au ac\u021biuni diferite, dar \u00een combina\u021bie ofer\u0103 un ajutor eficient \u00eempotriva tulbur\u0103rilor sexuale. Alegerea acestui medicament este \u0219i avantajoas\u0103 din punct de vedere economic, deoarece nu este necesar\u0103 achizi\u021bionarea a dou\u0103 produse separate.<\/p>\n<h3 data-section-id=\"hqzi89\" data-start=\"514\" data-end=\"548\">Cum ac\u021bioneaz\u0103 Super Vidalista<\/h3>\n<p data-start=\"549\" data-end=\"890\">Compozi\u021bia combinat\u0103 a SUPER VIDALISTA presupune dou\u0103 mecanisme diferite de ac\u021biune. Tadalafilul apar\u021bine inhibitorilor PDE-5, iar efectul s\u0103u const\u0103 \u00een relaxarea mu\u0219chilor netezi ai corpului cavernos al penisului. Astfel, cre\u0219te fluxul de s\u00e2nge c\u0103tre penis, acesta devine mai sensibil, iar \u00een prezen\u021ba excit\u0103rii \u0219i stimul\u0103rii apare erec\u021bia.<\/p>\n<p data-start=\"892\" data-end=\"1121\">Dapoxetina \u2013 al doilea component al Super Vidalista \u2013 ac\u021bioneaz\u0103 diferit. Odat\u0103 ajuns\u0103 \u00een s\u00e2nge, inhib\u0103 recaptarea serotoninei, prevenind astfel ejacularea precoce. \u00cempreun\u0103, cele dou\u0103 substan\u021be \u00eembun\u0103t\u0103\u021besc semnificativ poten\u021ba.<\/p>\n<h3 data-section-id=\"10qadud\" data-start=\"1123\" data-end=\"1149\">Indica\u021bii de utilizare<\/h3>\n<p data-start=\"1150\" data-end=\"1425\">Super Vidalista este destinat\u0103 b\u0103rba\u021bilor care se confrunt\u0103 simultan cu dou\u0103 tipuri de tulbur\u0103ri sexuale: disfunc\u021bie erectil\u0103 \u0219i act sexual de scurt\u0103 durat\u0103. Comprimatele sunt potrivite pentru tratarea acestor probleme cauzate at\u00e2t de factori psihologici, c\u00e2t \u0219i fiziologici.<\/p>\n<p data-start=\"1427\" data-end=\"1577\">Pe l\u00e2ng\u0103 \u00eembun\u0103t\u0103\u021birea poten\u021bei, medicamentul poate contribui \u0219i la \u00eembun\u0103t\u0103\u021birea st\u0103rii de spirit, deoarece dapoxetina are propriet\u0103\u021bi antidepresive.<\/p>\n<h3 data-section-id=\"1eugs6a\" data-start=\"1579\" data-end=\"1608\">Instruc\u021biuni de utilizare<\/h3>\n<p data-start=\"1609\" data-end=\"1887\">Respectarea exact\u0103 a recomand\u0103rilor din instruc\u021biuni asigur\u0103 efectul dorit. Comprimatele SUPER VIDALISTA se administreaz\u0103 o dat\u0103 pe zi, cu 40\u201360 de minute \u00eenainte de actul sexual planificat, pentru a permite instalarea efectului. Se administreaz\u0103 cu ap\u0103 sau b\u0103uturi nealcoolice.<\/p>\n<p data-start=\"1889\" data-end=\"2018\">Este important s\u0103 nu se dep\u0103\u0219easc\u0103 doza sau frecven\u021ba administr\u0103rii, deoarece acest lucru poate cre\u0219te riscul de reac\u021bii adverse.<\/p>\n<p data-start=\"2020\" data-end=\"2220\">Analogul <span class=\"hover:entity-accent entity-underline inline cursor-pointer align-baseline\"><span class=\"whitespace-normal\">Cialis<\/span><\/span> \u00een combina\u021bie cu dapoxetin\u0103 nu trebuie administrat \u00eempreun\u0103 cu alcoolul, deoarece b\u0103uturile alcoolice reduc eficien\u021ba \u0219i cresc solicitarea asupra inimii.<\/p>\n<p data-start=\"2222\" data-end=\"2374\">Efectul Super Vidalista poate dura p\u00e2n\u0103 la 36 de ore. \u00cen acest interval, rezisten\u021ba \u00een timpul actului sexual cre\u0219te, iar durata acestuia se prelunge\u0219te.<\/p>\n<h3 data-section-id=\"11t87gm\" data-start=\"2376\" data-end=\"2413\">Contraindica\u021bii \u0219i efecte adverse<\/h3>\n<p data-start=\"2414\" data-end=\"2598\">Este important de men\u021bionat c\u0103 administrarea SUPER VIDALISTA f\u0103r\u0103 consult medical nu este recomandat\u0103 tuturor, deoarece exist\u0103 anumite condi\u021bii \u00een care medicamentul este contraindicat:<\/p>\n<ul data-start=\"2599\" data-end=\"2870\">\n<li data-section-id=\"p5h5vn\" data-start=\"2599\" data-end=\"2620\">v\u00e2rsta sub 18 ani<\/li>\n<li data-section-id=\"1h4hma0\" data-start=\"2621\" data-end=\"2636\">sex feminin<\/li>\n<li data-section-id=\"n6fo1m\" data-start=\"2637\" data-end=\"2705\">afec\u021biuni ale inimii, vaselor de s\u00e2nge, ficatului sau rinichilor<\/li>\n<li data-section-id=\"dusyue\" data-start=\"2706\" data-end=\"2751\">boli oncologice \u0219i afec\u021biuni hematologice<\/li>\n<li data-section-id=\"3wvv3\" data-start=\"2752\" data-end=\"2789\">defecte congenitale ale penisului<\/li>\n<li data-section-id=\"1lmqvxn\" data-start=\"2790\" data-end=\"2828\">administrarea anumitor medicamente<\/li>\n<li data-section-id=\"kqc1x1\" data-start=\"2829\" data-end=\"2870\">intoleran\u021b\u0103 individual\u0103 la componente<\/li>\n<\/ul>\n<p data-start=\"2872\" data-end=\"3031\" data-is-last-node=\"\" data-is-only-node=\"\">Efectele adverse apar rar \u0219i, de obicei, sunt trec\u0103toare. Uneori pot ap\u0103rea dureri de cap, ame\u021beli, vedere \u00eence\u021bo\u0219at\u0103 sau senza\u021bie de c\u0103ldur\u0103 la nivelul fe\u021bei.<\/p>\n","protected":false},"excerpt":{"rendered":"<p>SUPER VIDALISTA este un preparat combinat pentru a rezolva dou\u0103 probleme comune la b\u0103rba\u021bi. Con\u021bine Tadalafil (Cialis) 20 mg pentru normalizarea erec\u021biei \u0219i Dapoxetin\u0103 60 mg pentru \u00eent\u00e2rzierea ejacul\u0103rii.<\/p>\n<p>Astfel, este ideal pentru a-\u021bi \u00eembun\u0103t\u0103\u021bi calitatea vie\u021bii sexuale \u2013 rezolv\u00e2nd ambele probleme. Este mult mai economic s\u0103 cumperi Super Vidalista, un produs combinat, \u0219i s\u0103 nu pl\u0103te\u0219ti \u00een plus pentru dou\u0103 preparate separate.<\/p>\n","protected":false},"featured_media":1892,"template":"","meta":{"_gspb_post_css":""},"product_brand":[],"product_cat":[67],"product_tag":[],"class_list":{"0":"post-1663","1":"product","2":"type-product","3":"status-publish","4":"has-post-thumbnail","6":"product_cat-cialis","8":"first","9":"instock","10":"shipping-taxable","11":"purchasable","12":"product-type-simple"},"ct_brands":[],"_links":{"self":[{"href":"https:\/\/lovelas.md\/ro\/wp-json\/wp\/v2\/product\/1663","targetHints":{"allow":["GET"]}}],"collection":[{"href":"https:\/\/lovelas.md\/ro\/wp-json\/wp\/v2\/product"}],"about":[{"href":"https:\/\/lovelas.md\/ro\/wp-json\/wp\/v2\/types\/product"}],"wp:featuredmedia":[{"embeddable":true,"href":"https:\/\/lovelas.md\/ro\/wp-json\/wp\/v2\/media\/1892"}],"wp:attachment":[{"href":"https:\/\/lovelas.md\/ro\/wp-json\/wp\/v2\/media?parent=1663"}],"wp:term":[{"taxonomy":"product_brand","embeddable":true,"href":"https:\/\/lovelas.md\/ro\/wp-json\/wp\/v2\/product_brand?post=1663"},{"taxonomy":"product_cat","embeddable":true,"href":"https:\/\/lovelas.md\/ro\/wp-json\/wp\/v2\/product_cat?post=1663"},{"taxonomy":"product_tag","embeddable":true,"href":"https:\/\/lovelas.md\/ro\/wp-json\/wp\/v2\/product_tag?post=1663"}],"curies":[{"name":"wp","href":"https:\/\/api.w.org\/{rel}","templated":true}]}}