{"id":1661,"date":"2026-04-27T14:40:14","date_gmt":"2026-04-27T14:40:14","guid":{"rendered":"https:\/\/lovelas.md\/product\/cialis-professional-10-tab\/"},"modified":"2026-05-04T17:38:29","modified_gmt":"2026-05-04T14:38:29","slug":"cialis-professional-10-tab","status":"publish","type":"product","link":"https:\/\/lovelas.md\/ro\/produs\/cialis-professional-10-tab\/","title":{"rendered":"Cialis Professional \/ 10 Tab"},"content":{"rendered":"<p><strong>Instruc\u021biuni de utilizare:<\/strong><br \/>\nDoza maxim\u0103 zilnic\u0103 este de 20 mg = 1 comprimat.<br \/>\n<strong>Contraindica\u021bii:<\/strong><\/p>\n<ul>\n<li>nu se administreaz\u0103 \u00een caz de tensiune arterial\u0103 crescut\u0103 sau tendin\u021b\u0103 spre tensiune arterial\u0103 sc\u0103zut\u0103;<\/li>\n<li>este necesar\u0103 consultarea medicului \u00een cazul bolilor de rinichi;<\/li>\n<li>administrarea trebuie evitat\u0103 \u00een cazul afec\u021biunilor grave ale stomacului \u0219i problemelor sistemului hematopoietic;<\/li>\n<li>afec\u021biuni oculare \u0219i intoleran\u021b\u0103 individual\u0103.<\/li>\n<\/ul>\n<p><strong>Compozi\u021bia preparatului:<\/strong><br \/>\nSubstan\u021ba activ\u0103 \u2013 Tadalafil (lat. Tadalafil), o protein\u0103 activ\u0103 de origine natural\u0103, utilizat\u0103 cu succes \u00een medicin\u0103 pentru tratarea activit\u0103\u021bii sexuale sc\u0103zute la b\u0103rba\u021bi de diferite v\u00e2rste.<\/p>\n","protected":false},"excerpt":{"rendered":"<p>Cialis Professional \u2013 comprimate eficiente pentru \u00eembun\u0103t\u0103\u021birea erec\u021biei. \u00cencep s\u0103 ac\u021bioneze la 30 de minute de la administrare \u0219i \u00ee\u0219i men\u021bin efectul timp de 36 de ore.<\/p>\n<p>Provoac\u0103 nu mai pu\u021bin de 5, nu mai mult de 10 erec\u021bii. M\u0103resc durata actului sexual. Sunt utilizate cu succes pentru a reduce timpul de recuperare a erec\u021biei dup\u0103 ejaculare.<\/p>\n","protected":false},"featured_media":1902,"template":"","meta":{"_gspb_post_css":""},"product_brand":[],"product_cat":[67],"product_tag":[],"class_list":{"0":"post-1661","1":"product","2":"type-product","3":"status-publish","4":"has-post-thumbnail","6":"product_cat-cialis","8":"first","9":"instock","10":"shipping-taxable","11":"purchasable","12":"product-type-simple"},"ct_brands":[],"_links":{"self":[{"href":"https:\/\/lovelas.md\/ro\/wp-json\/wp\/v2\/product\/1661","targetHints":{"allow":["GET"]}}],"collection":[{"href":"https:\/\/lovelas.md\/ro\/wp-json\/wp\/v2\/product"}],"about":[{"href":"https:\/\/lovelas.md\/ro\/wp-json\/wp\/v2\/types\/product"}],"wp:featuredmedia":[{"embeddable":true,"href":"https:\/\/lovelas.md\/ro\/wp-json\/wp\/v2\/media\/1902"}],"wp:attachment":[{"href":"https:\/\/lovelas.md\/ro\/wp-json\/wp\/v2\/media?parent=1661"}],"wp:term":[{"taxonomy":"product_brand","embeddable":true,"href":"https:\/\/lovelas.md\/ro\/wp-json\/wp\/v2\/product_brand?post=1661"},{"taxonomy":"product_cat","embeddable":true,"href":"https:\/\/lovelas.md\/ro\/wp-json\/wp\/v2\/product_cat?post=1661"},{"taxonomy":"product_tag","embeddable":true,"href":"https:\/\/lovelas.md\/ro\/wp-json\/wp\/v2\/product_tag?post=1661"}],"curies":[{"name":"wp","href":"https:\/\/api.w.org\/{rel}","templated":true}]}}