{"id":1659,"date":"2026-04-27T14:38:48","date_gmt":"2026-04-27T14:38:48","guid":{"rendered":"https:\/\/lovelas.md\/product\/cialis-40-mg-10-comprimate\/"},"modified":"2026-05-04T17:55:13","modified_gmt":"2026-05-04T14:55:13","slug":"cialis-40-mg-10-comprimate","status":"publish","type":"product","link":"https:\/\/lovelas.md\/ro\/produs\/cialis-40-mg-10-comprimate\/","title":{"rendered":"Cialis 40 mg \/ 10 comprimate"},"content":{"rendered":"<p data-start=\"0\" data-end=\"52\"><strong data-start=\"0\" data-end=\"52\">Descrierea produsului Cialis 20\/40 mg Tadalafil:<\/strong><\/p>\n<p data-start=\"54\" data-end=\"440\">Cialis Tadasoft 20\/40 mg (Cialis Soft) este un preparat cu o concentra\u021bie dublat\u0103 a substan\u021bei active. La baza produsului se afl\u0103 tadalafilul, care determin\u0103 relaxarea mu\u0219chilor penisului, asigur\u00e2nd astfel un flux crescut de s\u00e2nge c\u0103tre corpurile cavernoase. Astfel, medicamentul contribuie la ob\u021binerea unei erec\u021bii de calitate \u0219i de durat\u0103, \u00eens\u0103 doar \u00een condi\u021bii de stimulare sexual\u0103.<\/p>\n<p data-start=\"442\" data-end=\"821\">Genericul Cialis 20\/40 mg (Cialis Soft) este foarte comod \u00een utilizare: este suficient s\u0103 plasa\u021bi o jum\u0103tate de tablet\u0103 sub limb\u0103, iar aceasta se va dizolva \u00een c\u00e2teva minute. Este important de men\u021bionat c\u0103 preparatul nu doar \u00eembun\u0103t\u0103\u021be\u0219te poten\u021ba, dar ajut\u0103 \u0219i la prelungirea actului sexual, precum \u0219i la intensificarea senza\u021biilor prin cre\u0219terea sensibilit\u0103\u021bii glandului penian.<\/p>\n<p data-start=\"823\" data-end=\"849\"><strong data-start=\"823\" data-end=\"849\">Avantajele produsului:<\/strong><\/p>\n<ul data-start=\"850\" data-end=\"1090\">\n<li data-section-id=\"1vw763b\" data-start=\"850\" data-end=\"878\">absorb\u021bie maxim de rapid\u0103;<\/li>\n<li data-section-id=\"116yxpo\" data-start=\"879\" data-end=\"933\">efect rapid (\u00een decurs de aproximativ 30 de minute);<\/li>\n<li data-section-id=\"1utqr3j\" data-start=\"934\" data-end=\"975\">durat\u0103 de ac\u021biune de p\u00e2n\u0103 la 48 de ore;<\/li>\n<li data-section-id=\"129x67n\" data-start=\"976\" data-end=\"1010\">num\u0103r minim de efecte secundare;<\/li>\n<li data-section-id=\"f6q2m2\" data-start=\"1011\" data-end=\"1090\">posibilitatea de administrare \u00eempreun\u0103 cu alcool, alimente grase sau picante.<\/li>\n<\/ul>\n<p data-start=\"1092\" data-end=\"1165\"><strong data-start=\"1092\" data-end=\"1165\">Particularit\u0103\u021bi de utilizare \u0219i dozare Cialis 20\/40 mg (Cialis Soft):<\/strong><\/p>\n<p data-start=\"1167\" data-end=\"1480\">Deoarece preparatul con\u021bine o concentra\u021bie dubl\u0103 a substan\u021bei active, tableta trebuie \u00eemp\u0103r\u021bit\u0103 \u00een dou\u0103. Nu este necesar\u0103 administrarea cu ap\u0103, iar pentru o absorb\u021bie mai rapid\u0103 se poate mesteca u\u0219or. Medicamentul poate fi administrat chiar \u0219i \u00een timpul mesei, aproximativ cu 20 de minute \u00eenainte de actul sexual.<\/p>\n<p data-start=\"1482\" data-end=\"1679\">Doza optim\u0103 pentru prima administrare este de 10 mg, iar doza maxim\u0103 zilnic\u0103 nu trebuie s\u0103 dep\u0103\u0219easc\u0103 20 mg. Nu se recomand\u0103 utilizarea concomitent\u0103 cu alte medicamente pentru cre\u0219terea libidoului.<\/p>\n<p data-start=\"1681\" data-end=\"1729\"><strong data-start=\"1681\" data-end=\"1729\">Indica\u021bii pentru utilizarea Cialis 20\/40 mg:<\/strong><\/p>\n<p data-start=\"1731\" data-end=\"2001\">A\u0219a cum s-a men\u021bionat mai sus, Cialis Soft 20\/40 mg poate fi administrat \u00eempreun\u0103 cu alcool. Se recomand\u0103 administrarea nu mai mult de o dat\u0103 pe zi. Doza unic\u0103 este de 20 mg (jum\u0103tate de tablet\u0103). Momentul optim de administrare a Tadasoft 40 mg se stabile\u0219te individual.<\/p>\n<p data-start=\"2003\" data-end=\"2039\"><strong data-start=\"2003\" data-end=\"2039\">Contraindica\u021bii Cialis 20\/40 mg:<\/strong><\/p>\n<p data-start=\"2041\" data-end=\"2317\">Preparatul este contraindicat pacien\u021bilor cu hipersensibilitate la oricare dintre componente. Este interzis\u0103 administrarea concomitent\u0103 cu medicamente care con\u021bin nitra\u021bi organici. De asemenea, este interzis\u0103 utilizarea de c\u0103tre persoanele care nu au atins v\u00e2rsta majoratului.<\/p>\n<p data-start=\"2319\" data-end=\"2365\"><strong data-start=\"2319\" data-end=\"2365\">Efecte secundare (analog Cialis 20\/40 mg):<\/strong><\/p>\n<p data-start=\"2367\" data-end=\"2519\">Printre reac\u021biile adverse, cel mai frecvent (\u00een aproximativ 11% din cazuri) apare durerea de cap, iar \u00een circa 7% din cazuri a fost observat\u0103 dispepsia.<\/p>\n<p data-start=\"2521\" data-end=\"2863\" data-is-last-node=\"\" data-is-only-node=\"\">Efectele secundare sunt, de regul\u0103, u\u0219oare sau moderate, tranzitorii \u0219i tind s\u0103 se reduc\u0103 \u00een timp, odat\u0103 cu utilizarea continu\u0103 a Tadasoft 40 mg. De asemenea, pot ap\u0103rea dureri de spate, congestie nazal\u0103, mialgie \u0219i \u00eenro\u0219irea fe\u021bei. Mai rar pot ap\u0103rea simptome precum: umflarea pleoapelor, dureri oculare, ame\u021beli sau hiperemie conjunctival\u0103.<\/p>\n","protected":false},"excerpt":{"rendered":"<p>Substan\u021b\u0103 activ\u0103: Tadalafil, 40 mg. Cialis este cel mai nou remediu pentru tratamentul disfunc\u021biei erectile la b\u0103rba\u021bi. Cialis se remarc\u0103 prin ac\u021biunea rapid\u0103 (30 de minute) \u0219i efectul de lung\u0103 durat\u0103 (p\u00e2n\u0103 la 36 de ore).<\/p>\n<p>Astfel, po\u021bi alege cel mai potrivit moment pentru actul sexual, lu\u00e2nd medicamentul \u00een avans. Po\u021bi lua Cialis diminea\u021ba \u0219i s\u0103 fii preg\u0103tit chiar \u0219i a doua zi.<\/p>\n","protected":false},"featured_media":1904,"template":"","meta":{"_gspb_post_css":""},"product_brand":[],"product_cat":[67],"product_tag":[],"class_list":{"0":"post-1659","1":"product","2":"type-product","3":"status-publish","4":"has-post-thumbnail","6":"product_cat-cialis","8":"first","9":"instock","10":"shipping-taxable","11":"purchasable","12":"product-type-simple"},"ct_brands":[],"_links":{"self":[{"href":"https:\/\/lovelas.md\/ro\/wp-json\/wp\/v2\/product\/1659","targetHints":{"allow":["GET"]}}],"collection":[{"href":"https:\/\/lovelas.md\/ro\/wp-json\/wp\/v2\/product"}],"about":[{"href":"https:\/\/lovelas.md\/ro\/wp-json\/wp\/v2\/types\/product"}],"wp:featuredmedia":[{"embeddable":true,"href":"https:\/\/lovelas.md\/ro\/wp-json\/wp\/v2\/media\/1904"}],"wp:attachment":[{"href":"https:\/\/lovelas.md\/ro\/wp-json\/wp\/v2\/media?parent=1659"}],"wp:term":[{"taxonomy":"product_brand","embeddable":true,"href":"https:\/\/lovelas.md\/ro\/wp-json\/wp\/v2\/product_brand?post=1659"},{"taxonomy":"product_cat","embeddable":true,"href":"https:\/\/lovelas.md\/ro\/wp-json\/wp\/v2\/product_cat?post=1659"},{"taxonomy":"product_tag","embeddable":true,"href":"https:\/\/lovelas.md\/ro\/wp-json\/wp\/v2\/product_tag?post=1659"}],"curies":[{"name":"wp","href":"https:\/\/api.w.org\/{rel}","templated":true}]}}