{"id":1611,"date":"2026-04-27T14:22:58","date_gmt":"2026-04-27T14:22:58","guid":{"rendered":"https:\/\/lovelas.md\/product\/viagra-professional-10-comprimate\/"},"modified":"2026-05-05T12:32:16","modified_gmt":"2026-05-05T09:32:16","slug":"viagra-professional-10-comprimate","status":"publish","type":"product","link":"https:\/\/lovelas.md\/ro\/produs\/viagra-professional-10-comprimate\/","title":{"rendered":"Viagra Professional \/ 10 Comprimate"},"content":{"rendered":"<p data-start=\"0\" data-end=\"51\"><strong data-start=\"0\" data-end=\"51\">Viagra Professional \u2013 descrierea medicamentului<\/strong><\/p>\n<p data-start=\"53\" data-end=\"553\">Viagra Professional (lat. <em data-start=\"79\" data-end=\"100\">Viagra Professional<\/em>) este un medicament puternic pentru \u00eembun\u0103t\u0103\u021birea erec\u021biei, cu durat\u0103 prelungit\u0103 de ac\u021biune. Formula \u00eembun\u0103t\u0103\u021bit\u0103 pentru tratamentul impoten\u021bei este disponibil\u0103 sub form\u0103 de comprimate. Viagra Professional cre\u0219te poten\u021ba prin intensificarea fluxului de s\u00e2nge \u00een organele pelvine. Administrarea acestui medicament permite prelungirea actului sexual de c\u00e2teva ori. B\u0103rbatul poate experimenta un orgasm mai intens. Comprimatele ac\u021bioneaz\u0103 timp de 6\u20138 ore.<\/p>\n<p data-start=\"555\" data-end=\"876\"><strong data-start=\"555\" data-end=\"606\">Avantajele \u0219i propriet\u0103\u021bile Viagra Professional<\/strong><br data-start=\"606\" data-end=\"609\" \/>Cenforce Professional ac\u021bioneaz\u0103 prin cre\u0219terea circula\u021biei s\u00e2ngelui \u00een zona pelvin\u0103. \u00cembun\u0103t\u0103\u021bind fluxul sanguin la nivelul penisului, faciliteaz\u0103 excitarea sistemului sexual \u0219i, ca rezultat, \u00eent\u0103re\u0219te erec\u021bia. De asemenea, cre\u0219te semnificativ durata actului sexual.<\/p>\n<p data-start=\"878\" data-end=\"1065\"><strong data-start=\"878\" data-end=\"919\">Cum func\u021bioneaz\u0103 Viagra Professional?<\/strong><br data-start=\"919\" data-end=\"922\" \/>Medicamentul ac\u021bioneaz\u0103 timp de 6\u20138 ore \u0219i permite b\u0103rbatului s\u0103 aib\u0103 4\u20135 acte sexuale, cu o durat\u0103 optim\u0103 de aproximativ 60 de minute fiecare.<\/p>\n<p data-start=\"1067\" data-end=\"1257\"><strong data-start=\"1067\" data-end=\"1093\">Indica\u021bii de utilizare<\/strong><br data-start=\"1093\" data-end=\"1096\" \/>Este recomandat b\u0103rba\u021bilor care au probleme \u00een via\u021ba intim\u0103, \u00een caz de erec\u021bie slab\u0103 \u0219i rezisten\u021b\u0103 insuficient\u0103 a sistemului sexual pentru un act sexual complet.<\/p>\n<p data-start=\"1259\" data-end=\"1505\"><strong data-start=\"1259\" data-end=\"1305\">Cum se administreaz\u0103 Cenforce Professional<\/strong><br data-start=\"1305\" data-end=\"1308\" \/>Medicamentul se administreaz\u0103 o dat\u0103 pe zi, oral, cu ap\u0103 potabil\u0103. Nu este compatibil cu alcoolul. \u00cen ziua administr\u0103rii este interzis consumul de medicamente psihotrope, analgezice \u0219i antibiotice.<\/p>\n<p data-start=\"1507\" data-end=\"1818\"><strong data-start=\"1507\" data-end=\"1554\">Ce trebuie s\u0103 \u0219ti\u021bi \u00eenainte de administrare<\/strong><br data-start=\"1554\" data-end=\"1557\" \/>Comprimatele nu sunt recomandate b\u0103rba\u021bilor cu afec\u021biuni cardiace. De asemenea, sunt contraindicate \u00een caz de boli acute ale rinichilor, ciroz\u0103 hepatic\u0103 \u0219i tulbur\u0103ri de coagulare a s\u00e2ngelui. \u00cenainte de a \u00eencepe administrarea, este recomandat un consult medical.<\/p>\n<p data-start=\"1820\" data-end=\"1989\" data-is-last-node=\"\" data-is-only-node=\"\"><strong data-start=\"1820\" data-end=\"1847\">Posibile efecte adverse<\/strong><br data-start=\"1847\" data-end=\"1850\" \/>\u00cen caz de supradozaj pot ap\u0103rea dureri de cap, ame\u021beli, tulbur\u0103ri gastrointestinale, congestie nazal\u0103 \u0219i deregl\u0103ri ale tensiunii arteriale.<\/p>\n","protected":false},"excerpt":{"rendered":"<p>Avantajul Viagra Professional fa\u021b\u0103 de Viagra obi\u0219nuit\u0103 este c\u0103 ac\u021bioneaz\u0103 de 2 ori mai rapid \u0219i are un efect mai puternic.<\/p>\n<p>Intensific\u0103 dorin\u021ba, \u00eembun\u0103t\u0103\u021be\u0219te acuitatea senza\u021biilor sexuale \u0219i prelunge\u0219te durata actului sexual.<\/p>\n","protected":false},"featured_media":1908,"template":"","meta":{"_gspb_post_css":""},"product_brand":[],"product_cat":[66],"product_tag":[],"class_list":{"0":"post-1611","1":"product","2":"type-product","3":"status-publish","4":"has-post-thumbnail","6":"product_cat-viagra","8":"first","9":"instock","10":"shipping-taxable","11":"purchasable","12":"product-type-simple"},"ct_brands":[],"_links":{"self":[{"href":"https:\/\/lovelas.md\/ro\/wp-json\/wp\/v2\/product\/1611","targetHints":{"allow":["GET"]}}],"collection":[{"href":"https:\/\/lovelas.md\/ro\/wp-json\/wp\/v2\/product"}],"about":[{"href":"https:\/\/lovelas.md\/ro\/wp-json\/wp\/v2\/types\/product"}],"wp:featuredmedia":[{"embeddable":true,"href":"https:\/\/lovelas.md\/ro\/wp-json\/wp\/v2\/media\/1908"}],"wp:attachment":[{"href":"https:\/\/lovelas.md\/ro\/wp-json\/wp\/v2\/media?parent=1611"}],"wp:term":[{"taxonomy":"product_brand","embeddable":true,"href":"https:\/\/lovelas.md\/ro\/wp-json\/wp\/v2\/product_brand?post=1611"},{"taxonomy":"product_cat","embeddable":true,"href":"https:\/\/lovelas.md\/ro\/wp-json\/wp\/v2\/product_cat?post=1611"},{"taxonomy":"product_tag","embeddable":true,"href":"https:\/\/lovelas.md\/ro\/wp-json\/wp\/v2\/product_tag?post=1611"}],"curies":[{"name":"wp","href":"https:\/\/api.w.org\/{rel}","templated":true}]}}