{"id":1609,"date":"2026-04-27T12:36:44","date_gmt":"2026-04-27T12:36:44","guid":{"rendered":"https:\/\/lovelas.md\/product\/viagra-100-mg-10-comprimate\/"},"modified":"2026-05-05T12:27:35","modified_gmt":"2026-05-05T09:27:35","slug":"viagra-100-mg-10-comprimate","status":"publish","type":"product","link":"https:\/\/lovelas.md\/ro\/produs\/viagra-100-mg-10-comprimate\/","title":{"rendered":"Viagra 100 mg : 10 comprimate"},"content":{"rendered":"<p data-start=\"32\" data-end=\"234\"><strong data-start=\"32\" data-end=\"67\">Descrierea comprimatelor Viagra<\/strong><br data-start=\"67\" data-end=\"70\" \/>Genericul Viagra 100 este un preparat farmaceutic destinat preg\u0103tirii sistemului sexual masculin pentru actul sexual. Componentul activ este citratul de sildenafil.<\/p>\n<p data-start=\"236\" data-end=\"388\">\u021aara produc\u0103toare a Viagra este Statele Unite ale Americii, compania Pfizer Inc.<br data-start=\"316\" data-end=\"319\" \/>Produc\u0103torul genericului este India, compania farmaceutic\u0103 Centurion.<\/p>\n<p data-start=\"390\" data-end=\"852\"><strong data-start=\"390\" data-end=\"443\">Avantajele \u0219i propriet\u0103\u021bile medicamentului Viagra<\/strong><br data-start=\"443\" data-end=\"446\" \/>Comprimatele se caracterizeaz\u0103 prin eficien\u021b\u0103 ridicat\u0103 \u0219i efect de lung\u0103 durat\u0103. Ajut\u0103 b\u0103rba\u021bii s\u0103 creasc\u0103 viteza de excitare \u00een condi\u021bii intime. M\u0103resc fermitatea penisului \u00een timpul erec\u021biei. \u00cembun\u0103t\u0103\u021besc intensitatea \u0219i profunzimea senza\u021biilor sexuale. Prin dilatarea vaselor de s\u00e2nge, Viagra cre\u0219te circula\u021bia s\u00e2ngelui \u00een zona genital\u0103 \u0219i poate contribui la cre\u0219terea nivelului de testosteron \u00een s\u00e2nge.<\/p>\n<p data-start=\"854\" data-end=\"1077\">S\u00e2ngele \u00eembog\u0103\u021bit cu hormoni sexuali \u00eent\u0103re\u0219te erec\u021bia \u0219i o face mai ferm\u0103 dec\u00e2t \u00een mod obi\u0219nuit. Ca rezultat, cre\u0219te durata actului sexual.<br data-start=\"994\" data-end=\"997\" \/>Se \u00eembun\u0103t\u0103\u021be\u0219te rezisten\u021ba sistemului sexual masculin \u00een timpul actului sexual.<\/p>\n<p data-start=\"1079\" data-end=\"1280\"><strong data-start=\"1079\" data-end=\"1125\">Efectul dup\u0103 utilizarea genericului Viagra<\/strong><br data-start=\"1125\" data-end=\"1128\" \/>Comprimatele Viagra ac\u021bioneaz\u0103 \u00een organism timp de 4\u20135 ore \u0219i pot provoca \u00een acest interval \u00eentre 4 \u0219i 6 erec\u021bii, cu o durat\u0103 optim\u0103 de 30\u201350 de minute.<\/p>\n<p data-start=\"1282\" data-end=\"1421\"><strong data-start=\"1282\" data-end=\"1308\">Indica\u021bii de utilizare<\/strong><br data-start=\"1308\" data-end=\"1311\" \/>Medicamentul se administreaz\u0103 la nevoie. Nu este necesar un tratament de durat\u0103.<br data-start=\"1391\" data-end=\"1394\" \/>Mod de administrare \u2013 oral.<\/p>\n<p data-start=\"1423\" data-end=\"1534\"><strong data-start=\"1423\" data-end=\"1455\">C\u00e2nd se administreaz\u0103 Viagra<\/strong><br data-start=\"1455\" data-end=\"1458\" \/>Comprimatele se iau cu aproximativ 30 de minute \u00eenainte de contactul sexual.<\/p>\n<p data-start=\"1536\" data-end=\"1888\"><strong data-start=\"1536\" data-end=\"1583\">Ce trebuie s\u0103 \u0219ti\u021bi \u00eenainte de administrare<\/strong><br data-start=\"1583\" data-end=\"1586\" \/>\u00cen timpul utiliz\u0103rii genericului Viagra este interzis consumul de alcool, deoarece poate reduce eficien\u021ba medicamentului.<br data-start=\"1707\" data-end=\"1710\" \/>De asemenea, nu se recomand\u0103 consumul de alimente grase \u2013 \u00een ziua administr\u0103rii este mai bine s\u0103 evita\u021bi m\u00e2nc\u0103rurile grele \u0219i s\u0103 lua\u021bi comprimatul la aproximativ 2 ore dup\u0103 mas\u0103.<\/p>\n<p data-start=\"1890\" data-end=\"2049\">Este strict interzis\u0103 administrarea Viagra \u00eempreun\u0103 cu analgezice puternice, antibiotice, somnifere, nitra\u021bi \u0219i alte medicamente pentru \u00eembun\u0103t\u0103\u021birea erec\u021biei.<\/p>\n<p data-start=\"2051\" data-end=\"2356\"><strong data-start=\"2051\" data-end=\"2080\">Posibile efecte secundare<\/strong><br data-start=\"2080\" data-end=\"2083\" \/>Dureri de cap, ame\u021beli, vedere \u00eence\u021bo\u0219at\u0103 temporar\u0103 \u0219i somnolen\u021b\u0103.<br data-start=\"2149\" data-end=\"2152\" \/>Mai rar pot ap\u0103rea dureri lombare sau reac\u021bii alergice. De regul\u0103, aceste simptome sunt de scurt\u0103 durat\u0103 \u0219i apar \u00een caz de supradozaj. Dac\u0103 apar, \u00eentrerupe\u021bi temporar administrarea \u0219i consulta\u021bi un medic.<\/p>\n","protected":false},"excerpt":{"rendered":"<p>Substan\u021ba activ\u0103 &#8211; Sildenafil, 100 mg. Ac\u021biunea Viagra se bazeaz\u0103 pe o cre\u0219tere semnificativ\u0103 a fluxului sanguin c\u0103tre penis. Viagra \u00eencepe s\u0103 ac\u021bioneze \u00een 30-40 de minute, iar efectul dureaz\u0103 5-6 ore. Majoritatea b\u0103rba\u021bilor pot lua acest generic de Viagra \u00een fiecare zi.<\/p>\n","protected":false},"featured_media":1910,"template":"","meta":{"_gspb_post_css":""},"product_brand":[],"product_cat":[66],"product_tag":[],"class_list":{"0":"post-1609","1":"product","2":"type-product","3":"status-publish","4":"has-post-thumbnail","6":"product_cat-viagra","8":"first","9":"instock","10":"shipping-taxable","11":"purchasable","12":"product-type-simple"},"ct_brands":[],"_links":{"self":[{"href":"https:\/\/lovelas.md\/ro\/wp-json\/wp\/v2\/product\/1609","targetHints":{"allow":["GET"]}}],"collection":[{"href":"https:\/\/lovelas.md\/ro\/wp-json\/wp\/v2\/product"}],"about":[{"href":"https:\/\/lovelas.md\/ro\/wp-json\/wp\/v2\/types\/product"}],"wp:featuredmedia":[{"embeddable":true,"href":"https:\/\/lovelas.md\/ro\/wp-json\/wp\/v2\/media\/1910"}],"wp:attachment":[{"href":"https:\/\/lovelas.md\/ro\/wp-json\/wp\/v2\/media?parent=1609"}],"wp:term":[{"taxonomy":"product_brand","embeddable":true,"href":"https:\/\/lovelas.md\/ro\/wp-json\/wp\/v2\/product_brand?post=1609"},{"taxonomy":"product_cat","embeddable":true,"href":"https:\/\/lovelas.md\/ro\/wp-json\/wp\/v2\/product_cat?post=1609"},{"taxonomy":"product_tag","embeddable":true,"href":"https:\/\/lovelas.md\/ro\/wp-json\/wp\/v2\/product_tag?post=1609"}],"curies":[{"name":"wp","href":"https:\/\/api.w.org\/{rel}","templated":true}]}}