{"id":1695,"date":"2026-04-28T14:41:30","date_gmt":"2026-04-28T11:41:30","guid":{"rendered":"https:\/\/lovelas.md\/intrebari\/"},"modified":"2026-05-04T14:15:31","modified_gmt":"2026-05-04T11:15:31","slug":"intrebari","status":"publish","type":"page","link":"https:\/\/lovelas.md\/ro\/intrebari\/","title":{"rendered":"\u00centreb\u0103ri"},"content":{"rendered":"\n<h2 class=\"wp-block-heading has-text-align-center\" id=\"&#x447;&#x430;&#x441;&#x442;&#x43E;-&#x437;&#x430;&#x434;&#x430;&#x432;&#x430;&#x435;&#x43C;&#x44B;&#x435;-&#x432;&#x43E;&#x43F;&#x440;&#x43E;&#x441;&#x44B;\" style=\"font-size:clamp(27.894px, 1.743rem + ((1vw - 3.2px) * 1.571), 48px);\">\u00centreb\u0103ri frecvente<\/h2>\n\n<p class=\"has-text-align-center\" style=\"margin-bottom:var(--wp--preset--spacing--70);font-size:clamp(14.642px, 0.915rem + ((1vw - 3.2px) * 0.575), 22px);\"><strong>Aici g\u0103si\u021bi toate r\u0103spunsurile!<\/strong><\/p>\n\n<div data-wp-context=\"{ &quot;autoclose&quot;: false, &quot;accordionItems&quot;: [] }\" data-wp-interactive=\"core\/accordion\" role=\"group\" class=\"wp-block-accordion is-layout-flow wp-block-accordion-is-layout-flow\">\n<div data-wp-class--is-open=\"state.isOpen\" data-wp-context=\"{ &quot;id&quot;: &quot;accordion-item-1&quot;, &quot;openByDefault&quot;: false }\" data-wp-init=\"callbacks.initAccordionItems\" data-wp-on-window--hashchange=\"callbacks.hashChange\" class=\"wp-block-accordion-item is-layout-flow wp-block-accordion-item-is-layout-flow\" style=\"border-top-style:none;border-top-width:0px;border-right-style:none;border-right-width:0px;border-bottom-color:#00000033;border-bottom-width:1px;border-left-style:none;border-left-width:0px\">\n<h3 class=\"wp-block-accordion-heading\" style=\"font-size:clamp(14.642px, 0.915rem + ((1vw - 3.2px) * 0.575), 22px);\"><button aria-expanded=\"false\" aria-controls=\"accordion-item-1-panel\" data-wp-bind--aria-expanded=\"state.isOpen\" data-wp-on--click=\"actions.toggle\" data-wp-on--keydown=\"actions.handleKeyDown\" id=\"accordion-item-1\" type=\"button\" class=\"wp-block-accordion-heading__toggle\" style=\"padding-top:0;padding-bottom:0\"><span class=\"wp-block-accordion-heading__toggle-title\">Ce este un generic?<\/span><span class=\"wp-block-accordion-heading__toggle-icon\" aria-hidden=\"true\">+<\/span><\/button><\/h3>\n\n\n\n<div inert aria-labelledby=\"accordion-item-1\" data-wp-bind--inert=\"!state.isOpen\" id=\"accordion-item-1-panel\" role=\"region\" class=\"wp-block-accordion-panel is-layout-flow wp-block-accordion-panel-is-layout-flow\" style=\"border-style:none;border-width:0px\">\n<p style=\"font-size:clamp(14px, 0.875rem + ((1vw - 3.2px) * 0.156), 16px);\">Un generic este un analog al unui medicament de marc\u0103, scump. Din punct de vedere al compozi\u021biei chimice \u0219i al modului de ac\u021biune, aceste produse reproduc \u00een totalitate originalul. <\/p>\n<\/div>\n<\/div>\n\n\n\n<div data-wp-class--is-open=\"state.isOpen\" data-wp-context=\"{ &quot;id&quot;: &quot;accordion-item-2&quot;, &quot;openByDefault&quot;: false }\" data-wp-init=\"callbacks.initAccordionItems\" data-wp-on-window--hashchange=\"callbacks.hashChange\" class=\"wp-block-accordion-item is-layout-flow wp-block-accordion-item-is-layout-flow\" style=\"border-bottom-color:#00000033;border-bottom-width:1px\">\n<h3 class=\"wp-block-accordion-heading\" style=\"font-size:clamp(14.642px, 0.915rem + ((1vw - 3.2px) * 0.575), 22px);\"><button aria-expanded=\"false\" aria-controls=\"accordion-item-2-panel\" data-wp-bind--aria-expanded=\"state.isOpen\" data-wp-on--click=\"actions.toggle\" data-wp-on--keydown=\"actions.handleKeyDown\" id=\"accordion-item-2\" type=\"button\" class=\"wp-block-accordion-heading__toggle\" style=\"padding-top:0;padding-bottom:0\"><span class=\"wp-block-accordion-heading__toggle-title\">Pute\u021bi garanta calitatea pastilelor dumneavoastr\u0103?<\/span><span class=\"wp-block-accordion-heading__toggle-icon\" aria-hidden=\"true\">+<\/span><\/button><\/h3>\n\n\n\n<div inert aria-labelledby=\"accordion-item-2\" data-wp-bind--inert=\"!state.isOpen\" id=\"accordion-item-2-panel\" role=\"region\" class=\"wp-block-accordion-panel is-layout-flow wp-block-accordion-panel-is-layout-flow\" style=\"border-style:none;border-width:0px\">\n<p style=\"font-size:clamp(14px, 0.875rem + ((1vw - 3.2px) * 0.156), 16px);\">Un generic este un analog al unui medicament de marc\u0103, scump. Din punct de vedere al compozi\u021biei chimice \u0219i al modului de ac\u021biune, aceste produse reproduc \u00een totalitate originalul. <\/p>\n<\/div>\n<\/div>\n\n\n\n<div data-wp-class--is-open=\"state.isOpen\" data-wp-context=\"{ &quot;id&quot;: &quot;accordion-item-3&quot;, &quot;openByDefault&quot;: false }\" data-wp-init=\"callbacks.initAccordionItems\" data-wp-on-window--hashchange=\"callbacks.hashChange\" class=\"wp-block-accordion-item is-layout-flow wp-block-accordion-item-is-layout-flow\" style=\"border-bottom-color:#00000033;border-bottom-width:1px\">\n<h3 class=\"wp-block-accordion-heading\" style=\"font-size:clamp(14.642px, 0.915rem + ((1vw - 3.2px) * 0.575), 22px);\"><button aria-expanded=\"false\" aria-controls=\"accordion-item-3-panel\" data-wp-bind--aria-expanded=\"state.isOpen\" data-wp-on--click=\"actions.toggle\" data-wp-on--keydown=\"actions.handleKeyDown\" id=\"accordion-item-3\" type=\"button\" class=\"wp-block-accordion-heading__toggle\" style=\"padding-top:0;padding-bottom:0\"><span class=\"wp-block-accordion-heading__toggle-title\">De ce medicamentele dumneavoastr\u0103 sunt mai ieftine dec\u00e2t cele din farmaciile obi\u0219nuite?<\/span><span class=\"wp-block-accordion-heading__toggle-icon\" aria-hidden=\"true\">+<\/span><\/button><\/h3>\n\n\n\n<div inert aria-labelledby=\"accordion-item-3\" data-wp-bind--inert=\"!state.isOpen\" id=\"accordion-item-3-panel\" role=\"region\" class=\"wp-block-accordion-panel is-layout-flow wp-block-accordion-panel-is-layout-flow\" style=\"border-style:none;border-width:0px\">\n<p style=\"font-size:clamp(14px, 0.875rem + ((1vw - 3.2px) * 0.156), 16px);\">Deoarece vindem a\u0219a-numitele generice ale medicamentelor cunoscute (analog). Genericele sunt medicamente produse de o firm\u0103 care nu a investit bani \u00een dezvoltarea \u0219i testarea lor. Adic\u0103, compania trebuie doar s\u0103 investeasc\u0103 \u00een produc\u021bie \u2013 \u0219i medicamentul este gata. De regul\u0103, prin aceasta se reu\u0219e\u0219te economisirea a c\u00e2torva miliarde de dolari, \u0219i de aceea genericele sunt semnificativ mai ieftine dec\u00e2t originalul. Produc\u021bia unor astfel de medicamente este permis\u0103 doar dup\u0103 expirarea brevetului pentru medicamentul original.    <\/p>\n<\/div>\n<\/div>\n\n\n\n<div data-wp-class--is-open=\"state.isOpen\" data-wp-context=\"{ &quot;id&quot;: &quot;accordion-item-4&quot;, &quot;openByDefault&quot;: false }\" data-wp-init=\"callbacks.initAccordionItems\" data-wp-on-window--hashchange=\"callbacks.hashChange\" class=\"wp-block-accordion-item is-layout-flow wp-block-accordion-item-is-layout-flow\" style=\"border-bottom-color:#00000033;border-bottom-width:1px\">\n<h3 class=\"wp-block-accordion-heading\" style=\"font-size:clamp(14.642px, 0.915rem + ((1vw - 3.2px) * 0.575), 22px);\"><button aria-expanded=\"false\" aria-controls=\"accordion-item-4-panel\" data-wp-bind--aria-expanded=\"state.isOpen\" data-wp-on--click=\"actions.toggle\" data-wp-on--keydown=\"actions.handleKeyDown\" id=\"accordion-item-4\" type=\"button\" class=\"wp-block-accordion-heading__toggle\" style=\"padding-top:0;padding-bottom:0\"><span class=\"wp-block-accordion-heading__toggle-title\">Unde sunt fabricate medicamentele pe care le vinde\u021bi?<\/span><span class=\"wp-block-accordion-heading__toggle-icon\" aria-hidden=\"true\">+<\/span><\/button><\/h3>\n\n\n\n<div inert aria-labelledby=\"accordion-item-4\" data-wp-bind--inert=\"!state.isOpen\" id=\"accordion-item-4-panel\" role=\"region\" class=\"wp-block-accordion-panel is-layout-flow wp-block-accordion-panel-is-layout-flow\" style=\"border-style:none;border-width:0px\">\n<p style=\"font-size:clamp(14px, 0.875rem + ((1vw - 3.2px) * 0.156), 16px);\">Toate medicamentele prezentate \u00een vitrina noastr\u0103 sunt fabricate \u00een India de c\u0103tre fabrici farmaceutice precum Sunrise, Ajanta, Fortune Health Care, Cipla, Centurion lab.<\/p>\n<\/div>\n<\/div>\n\n\n\n<div data-wp-class--is-open=\"state.isOpen\" data-wp-context=\"{ &quot;id&quot;: &quot;accordion-item-5&quot;, &quot;openByDefault&quot;: false }\" data-wp-init=\"callbacks.initAccordionItems\" data-wp-on-window--hashchange=\"callbacks.hashChange\" class=\"wp-block-accordion-item is-layout-flow wp-block-accordion-item-is-layout-flow\" style=\"border-bottom-color:#00000033;border-bottom-width:1px\">\n<h3 class=\"wp-block-accordion-heading\" style=\"font-size:clamp(14.642px, 0.915rem + ((1vw - 3.2px) * 0.575), 22px);\"><button aria-expanded=\"false\" aria-controls=\"accordion-item-5-panel\" data-wp-bind--aria-expanded=\"state.isOpen\" data-wp-on--click=\"actions.toggle\" data-wp-on--keydown=\"actions.handleKeyDown\" id=\"accordion-item-5\" type=\"button\" class=\"wp-block-accordion-heading__toggle\" style=\"padding-top:0;padding-bottom:0\"><span class=\"wp-block-accordion-heading__toggle-title\">Nu m\u0103 pricep la medicamente. Care mi s-ar potrivi cel mai bine?<\/span><span class=\"wp-block-accordion-heading__toggle-icon\" aria-hidden=\"true\">+<\/span><\/button><\/h3>\n\n\n\n<div inert aria-labelledby=\"accordion-item-5\" data-wp-bind--inert=\"!state.isOpen\" id=\"accordion-item-5-panel\" role=\"region\" class=\"wp-block-accordion-panel is-layout-flow wp-block-accordion-panel-is-layout-flow\" style=\"border-style:none;border-width:0px\">\n<p style=\"font-size:clamp(14px, 0.875rem + ((1vw - 3.2px) * 0.156), 16px);\">\u00cen catalogul nostru de produse este descris\u0103 ac\u021biunea lor \u0219i afec\u021biunile pentru care ar trebui administrate. Studia\u021bi detaliat aceste informa\u021bii \u2013 v\u0103 vor ajuta s\u0103 alege\u021bi medicamentul care vi se potrive\u0219te cel mai bine. Dac\u0103 aceste informa\u021bii nu sunt suficiente, cump\u0103ra\u021bi mai \u00eent\u00e2i un set de prob\u0103 \u0219i determina\u021bi medicamentul potrivit \u00een practic\u0103.  <\/p>\n<\/div>\n<\/div>\n\n\n\n<div data-wp-class--is-open=\"state.isOpen\" data-wp-context=\"{ &quot;id&quot;: &quot;accordion-item-6&quot;, &quot;openByDefault&quot;: false }\" data-wp-init=\"callbacks.initAccordionItems\" data-wp-on-window--hashchange=\"callbacks.hashChange\" class=\"wp-block-accordion-item is-layout-flow wp-block-accordion-item-is-layout-flow\" style=\"border-bottom-color:#00000033;border-bottom-width:1px\">\n<h3 class=\"wp-block-accordion-heading\" style=\"font-size:clamp(14.642px, 0.915rem + ((1vw - 3.2px) * 0.575), 22px);\"><button aria-expanded=\"false\" aria-controls=\"accordion-item-6-panel\" data-wp-bind--aria-expanded=\"state.isOpen\" data-wp-on--click=\"actions.toggle\" data-wp-on--keydown=\"actions.handleKeyDown\" id=\"accordion-item-6\" type=\"button\" class=\"wp-block-accordion-heading__toggle\" style=\"padding-top:0;padding-bottom:0\"><span class=\"wp-block-accordion-heading__toggle-title\">Care este diferen\u021ba dintre varianta soft a pastilelor \u0219i cea obi\u0219nuit\u0103?<\/span><span class=\"wp-block-accordion-heading__toggle-icon\" aria-hidden=\"true\">+<\/span><\/button><\/h3>\n\n\n\n<div inert aria-labelledby=\"accordion-item-6\" data-wp-bind--inert=\"!state.isOpen\" id=\"accordion-item-6-panel\" role=\"region\" class=\"wp-block-accordion-panel is-layout-flow wp-block-accordion-panel-is-layout-flow\" style=\"border-style:none;border-width:0px\">\n<p style=\"font-size:clamp(14px, 0.875rem + ((1vw - 3.2px) * 0.156), 16px);\">Variantele standard de pastile sunt predecesoarele variantelor soft. Acestea din urm\u0103 p\u0103trund mult mai rapid \u00een organism \u0219i pot fi administrate \u00eempreun\u0103 cu alcoolul \u0219i alimentele grele. <\/p>\n<\/div>\n<\/div>\n\n\n\n<div data-wp-class--is-open=\"state.isOpen\" data-wp-context=\"{ &quot;id&quot;: &quot;accordion-item-7&quot;, &quot;openByDefault&quot;: false }\" data-wp-init=\"callbacks.initAccordionItems\" data-wp-on-window--hashchange=\"callbacks.hashChange\" class=\"wp-block-accordion-item is-layout-flow wp-block-accordion-item-is-layout-flow\" style=\"border-bottom-color:#00000033;border-bottom-width:1px\">\n<h3 class=\"wp-block-accordion-heading\" style=\"font-size:clamp(14.642px, 0.915rem + ((1vw - 3.2px) * 0.575), 22px);\"><button aria-expanded=\"false\" aria-controls=\"accordion-item-7-panel\" data-wp-bind--aria-expanded=\"state.isOpen\" data-wp-on--click=\"actions.toggle\" data-wp-on--keydown=\"actions.handleKeyDown\" id=\"accordion-item-7\" type=\"button\" class=\"wp-block-accordion-heading__toggle\" style=\"padding-top:0;padding-bottom:0\"><span class=\"wp-block-accordion-heading__toggle-title\">Am probleme cu erec\u021bia din cauza fricii de e\u0219ec. Ar trebui s\u0103 cump\u0103r pastilele dumneavoastr\u0103 pentru a rezolva aceast\u0103 problem\u0103 sau totul va reveni la normal de la sine?<\/span><span class=\"wp-block-accordion-heading__toggle-icon\" aria-hidden=\"true\">+<\/span><\/button><\/h3>\n\n\n\n<div inert aria-labelledby=\"accordion-item-7\" data-wp-bind--inert=\"!state.isOpen\" id=\"accordion-item-7-panel\" role=\"region\" class=\"wp-block-accordion-panel is-layout-flow wp-block-accordion-panel-is-layout-flow\" style=\"border-style:none;border-width:0px\">\n<p style=\"font-size:clamp(14px, 0.875rem + ((1vw - 3.2px) * 0.156), 16px);\">Desigur, r\u0103d\u0103cinile problemei dumneavoastr\u0103 sunt mai degrab\u0103 de natur\u0103 psihologic\u0103 \u0219i ar trebui abordate \u00een primul r\u00e2nd cu un psiholog. Cu toate acestea, sunt destul de frecvente cazurile \u00een care \u00eens\u0103\u0219i prezen\u021ba Viagrei \u00een buzunarul sacoului \u00eel face pe b\u0103rbat mai puternic \u0219i mai \u00eencrez\u0103tor \u00een sine din punct de vedere sexual. <\/p>\n<\/div>\n<\/div>\n\n\n\n<div data-wp-class--is-open=\"state.isOpen\" data-wp-context=\"{ &quot;id&quot;: &quot;accordion-item-8&quot;, &quot;openByDefault&quot;: false }\" data-wp-init=\"callbacks.initAccordionItems\" data-wp-on-window--hashchange=\"callbacks.hashChange\" class=\"wp-block-accordion-item is-layout-flow wp-block-accordion-item-is-layout-flow\" style=\"border-bottom-color:#00000033;border-bottom-width:1px\">\n<h3 class=\"wp-block-accordion-heading\" style=\"font-size:clamp(14.642px, 0.915rem + ((1vw - 3.2px) * 0.575), 22px);\"><button aria-expanded=\"false\" aria-controls=\"accordion-item-8-panel\" data-wp-bind--aria-expanded=\"state.isOpen\" data-wp-on--click=\"actions.toggle\" data-wp-on--keydown=\"actions.handleKeyDown\" id=\"accordion-item-8\" type=\"button\" class=\"wp-block-accordion-heading__toggle\" style=\"padding-top:0;padding-bottom:0\"><span class=\"wp-block-accordion-heading__toggle-title\">Nu vor afla angaja\u021bii po\u0219tei ce se afl\u0103 \u00een coletul meu?<\/span><span class=\"wp-block-accordion-heading__toggle-icon\" aria-hidden=\"true\">+<\/span><\/button><\/h3>\n\n\n\n<div inert aria-labelledby=\"accordion-item-8\" data-wp-bind--inert=\"!state.isOpen\" id=\"accordion-item-8-panel\" role=\"region\" class=\"wp-block-accordion-panel is-layout-flow wp-block-accordion-panel-is-layout-flow\" style=\"border-style:none;border-width:0px\">\n<p style=\"font-size:clamp(14px, 0.875rem + ((1vw - 3.2px) * 0.156), 16px);\">Nu, angaja\u021bii po\u0219tei nu vor afla, deoarece \u00eenainte de expediere, ambal\u0103m \u0219i sigil\u0103m cu grij\u0103 produsul \u00eentr-un ambalaj opac, f\u0103r\u0103 nicio inscrip\u021bie.<\/p>\n<\/div>\n<\/div>\n\n\n\n<div data-wp-class--is-open=\"state.isOpen\" data-wp-context=\"{ &quot;id&quot;: &quot;accordion-item-9&quot;, &quot;openByDefault&quot;: false }\" data-wp-init=\"callbacks.initAccordionItems\" data-wp-on-window--hashchange=\"callbacks.hashChange\" class=\"wp-block-accordion-item is-layout-flow wp-block-accordion-item-is-layout-flow\" style=\"border-bottom-color:#00000033;border-bottom-width:1px\">\n<h3 class=\"wp-block-accordion-heading\" style=\"font-size:clamp(14.642px, 0.915rem + ((1vw - 3.2px) * 0.575), 22px);\"><button aria-expanded=\"false\" aria-controls=\"accordion-item-9-panel\" data-wp-bind--aria-expanded=\"state.isOpen\" data-wp-on--click=\"actions.toggle\" data-wp-on--keydown=\"actions.handleKeyDown\" id=\"accordion-item-9\" type=\"button\" class=\"wp-block-accordion-heading__toggle\" style=\"padding-top:0;padding-bottom:0\"><span class=\"wp-block-accordion-heading__toggle-title\">Cum plasez o comand\u0103?<\/span><span class=\"wp-block-accordion-heading__toggle-icon\" aria-hidden=\"true\">+<\/span><\/button><\/h3>\n\n\n\n<div inert aria-labelledby=\"accordion-item-9\" data-wp-bind--inert=\"!state.isOpen\" id=\"accordion-item-9-panel\" role=\"region\" class=\"wp-block-accordion-panel is-layout-flow wp-block-accordion-panel-is-layout-flow\" style=\"border-style:none;border-width:0px\">\n<p style=\"font-size:clamp(14px, 0.875rem + ((1vw - 3.2px) * 0.156), 16px);\">Alege\u021bi pastilele dorite, ad\u0103uga\u021bi-le \u00een co\u0219, completa\u021bi c\u00e2mpurile cu datele de contact pe pagina de comand\u0103 \u0219i trimite\u021bi solicitarea. \u00cen cel mai scurt timp, un manager v\u0103 va contacta pentru a clarifica detaliile. <\/p>\n<\/div>\n<\/div>\n\n\n\n<div data-wp-class--is-open=\"state.isOpen\" data-wp-context=\"{ &quot;id&quot;: &quot;accordion-item-10&quot;, &quot;openByDefault&quot;: false }\" data-wp-init=\"callbacks.initAccordionItems\" data-wp-on-window--hashchange=\"callbacks.hashChange\" class=\"wp-block-accordion-item is-layout-flow wp-block-accordion-item-is-layout-flow\" style=\"border-bottom-color:#00000033;border-bottom-width:1px\">\n<h3 class=\"wp-block-accordion-heading\" style=\"font-size:clamp(14.642px, 0.915rem + ((1vw - 3.2px) * 0.575), 22px);\"><button aria-expanded=\"false\" aria-controls=\"accordion-item-10-panel\" data-wp-bind--aria-expanded=\"state.isOpen\" data-wp-on--click=\"actions.toggle\" data-wp-on--keydown=\"actions.handleKeyDown\" id=\"accordion-item-10\" type=\"button\" class=\"wp-block-accordion-heading__toggle\" style=\"padding-top:0;padding-bottom:0\"><span class=\"wp-block-accordion-heading__toggle-title\">Nu pot plasa o comand\u0103 pe site<\/span><span class=\"wp-block-accordion-heading__toggle-icon\" aria-hidden=\"true\">+<\/span><\/button><\/h3>\n\n\n\n<div inert aria-labelledby=\"accordion-item-10\" data-wp-bind--inert=\"!state.isOpen\" id=\"accordion-item-10-panel\" role=\"region\" class=\"wp-block-accordion-panel is-layout-flow wp-block-accordion-panel-is-layout-flow\" style=\"border-style:none;border-width:0px\">\n<p style=\"font-size:clamp(14px, 0.875rem + ((1vw - 3.2px) * 0.156), 16px);\">Suna\u021bi la num\u0103rul <a href=\"tel:068130309\">068130309<\/a><\/p>\n<\/div>\n<\/div>\n\n\n\n<div data-wp-class--is-open=\"state.isOpen\" data-wp-context=\"{ &quot;id&quot;: &quot;accordion-item-11&quot;, &quot;openByDefault&quot;: false }\" data-wp-init=\"callbacks.initAccordionItems\" data-wp-on-window--hashchange=\"callbacks.hashChange\" class=\"wp-block-accordion-item is-layout-flow wp-block-accordion-item-is-layout-flow\" style=\"border-bottom-style:none;border-bottom-width:0px\">\n<h3 class=\"wp-block-accordion-heading\" style=\"font-size:clamp(14.642px, 0.915rem + ((1vw - 3.2px) * 0.575), 22px);\"><button aria-expanded=\"false\" aria-controls=\"accordion-item-11-panel\" data-wp-bind--aria-expanded=\"state.isOpen\" data-wp-on--click=\"actions.toggle\" data-wp-on--keydown=\"actions.handleKeyDown\" id=\"accordion-item-11\" type=\"button\" class=\"wp-block-accordion-heading__toggle\" style=\"padding-top:0;padding-bottom:0\"><span class=\"wp-block-accordion-heading__toggle-title\">Ce altceva ar trebui s\u0103 \u0219tiu despre medicamentele dumneavoastr\u0103?<\/span><span class=\"wp-block-accordion-heading__toggle-icon\" aria-hidden=\"true\">+<\/span><\/button><\/h3>\n\n\n\n<div inert aria-labelledby=\"accordion-item-11\" data-wp-bind--inert=\"!state.isOpen\" id=\"accordion-item-11-panel\" role=\"region\" class=\"wp-block-accordion-panel is-layout-flow wp-block-accordion-panel-is-layout-flow\" style=\"border-style:none;border-width:0px\">\n<p style=\"font-size:clamp(14px, 0.875rem + ((1vw - 3.2px) * 0.156), 16px);\">Medicamentele contribuie la apari\u021bia erec\u021biei DOAR \u00een prezen\u021ba stimul\u0103rii sexuale! Nu lua\u021bi mai mult de o pastil\u0103 pe zi! Nu, angaja\u021bii po\u0219tei nu vor afla, deoarece \u00eenainte de expediere, ambal\u0103m \u0219i sigil\u0103m cu grij\u0103 produsul \u00eentr-un ambalaj opac, f\u0103r\u0103 nicio inscrip\u021bie.<\/p>\n<\/div>\n<\/div>\n<\/div>\n\n<p><\/p>\n","protected":false},"excerpt":{"rendered":"<p>\u00centreb\u0103ri frecvente Aici g\u0103si\u021bi toate r\u0103spunsurile!<\/p>\n","protected":false},"author":1,"featured_media":0,"parent":0,"menu_order":0,"comment_status":"closed","ping_status":"closed","template":"","meta":{"_gspb_post_css":"","footnotes":""},"class_list":["post-1695","page","type-page","status-publish","hentry"],"blocksy_meta":[],"_hostinger_reach_plugin_has_subscription_block":false,"_hostinger_reach_plugin_is_elementor":false,"_links":{"self":[{"href":"https:\/\/lovelas.md\/ro\/wp-json\/wp\/v2\/pages\/1695","targetHints":{"allow":["GET"]}}],"collection":[{"href":"https:\/\/lovelas.md\/ro\/wp-json\/wp\/v2\/pages"}],"about":[{"href":"https:\/\/lovelas.md\/ro\/wp-json\/wp\/v2\/types\/page"}],"author":[{"embeddable":true,"href":"https:\/\/lovelas.md\/ro\/wp-json\/wp\/v2\/users\/1"}],"replies":[{"embeddable":true,"href":"https:\/\/lovelas.md\/ro\/wp-json\/wp\/v2\/comments?post=1695"}],"version-history":[{"count":1,"href":"https:\/\/lovelas.md\/ro\/wp-json\/wp\/v2\/pages\/1695\/revisions"}],"predecessor-version":[{"id":1696,"href":"https:\/\/lovelas.md\/ro\/wp-json\/wp\/v2\/pages\/1695\/revisions\/1696"}],"wp:attachment":[{"href":"https:\/\/lovelas.md\/ro\/wp-json\/wp\/v2\/media?parent=1695"}],"curies":[{"name":"wp","href":"https:\/\/api.w.org\/{rel}","templated":true}]}}